{"id":13,"date":"2021-04-09T09:52:16","date_gmt":"2021-04-09T09:52:16","guid":{"rendered":"https:\/\/csi.inesctec.pt\/?page_id=13"},"modified":"2022-07-26T20:11:49","modified_gmt":"2022-07-26T20:11:49","slug":"programa","status":"publish","type":"page","link":"https:\/\/csi.inesctec.pt\/2022\/programa\/","title":{"rendered":"Programa"},"content":{"rendered":"\n<p class=\"has-text-align-center\">&nbsp;Evento de Apresenta\u00e7\u00f5es Finais, 28 de julho de 2022 (Audit\u00f3rio B)&nbsp;<\/p>\n\n\n\n<figure class=\"wp-block-image size-large\"><img loading=\"lazy\" decoding=\"async\" width=\"767\" height=\"1024\" src=\"http:\/\/csi.inesctec.pt\/wp-content\/uploads\/2022\/07\/Estagios-de-verao-CTM-2022_programa-apresentacao-final-767x1024.png\" alt=\"\" class=\"wp-image-555\" srcset=\"https:\/\/csi.inesctec.pt\/2022\/wp-content\/uploads\/2022\/07\/Estagios-de-verao-CTM-2022_programa-apresentacao-final-767x1024.png 767w, https:\/\/csi.inesctec.pt\/2022\/wp-content\/uploads\/2022\/07\/Estagios-de-verao-CTM-2022_programa-apresentacao-final-225x300.png 225w, https:\/\/csi.inesctec.pt\/2022\/wp-content\/uploads\/2022\/07\/Estagios-de-verao-CTM-2022_programa-apresentacao-final-768x1026.png 768w, https:\/\/csi.inesctec.pt\/2022\/wp-content\/uploads\/2022\/07\/Estagios-de-verao-CTM-2022_programa-apresentacao-final-720x962.png 720w, https:\/\/csi.inesctec.pt\/2022\/wp-content\/uploads\/2022\/07\/Estagios-de-verao-CTM-2022_programa-apresentacao-final.png 938w\" sizes=\"auto, (max-width: 767px) 100vw, 767px\" \/><\/figure>\n\n\n\n<p><\/p>\n\n\n\n<p><a href=\"http:\/\/csi.inesctec.pt\/wp-content\/uploads\/2022\/07\/Estagios-de-verao-CTM-2022_programa-final.pdf\" target=\"_blank\" rel=\"noreferrer noopener\">Vers\u00e3o PDF do Programa<\/a><\/p>\n","protected":false},"excerpt":{"rendered":"<p>&nbsp;Evento de Apresenta\u00e7\u00f5es Finais, 28 de julho de 2022 (Audit\u00f3rio B)&nbsp; Vers\u00e3o PDF do Programa<\/p>\n","protected":false},"author":7,"featured_media":0,"parent":0,"menu_order":0,"comment_status":"closed","ping_status":"closed","template":"","meta":{"gt_page_layout":"","gt_hide_page_title":false,"gt_remove_bottom_margin":false,"footnotes":""},"class_list":["post-13","page","type-page","status-publish","hentry"],"_links":{"self":[{"href":"https:\/\/csi.inesctec.pt\/2022\/wp-json\/wp\/v2\/pages\/13","targetHints":{"allow":["GET"]}}],"collection":[{"href":"https:\/\/csi.inesctec.pt\/2022\/wp-json\/wp\/v2\/pages"}],"about":[{"href":"https:\/\/csi.inesctec.pt\/2022\/wp-json\/wp\/v2\/types\/page"}],"author":[{"embeddable":true,"href":"https:\/\/csi.inesctec.pt\/2022\/wp-json\/wp\/v2\/users\/7"}],"replies":[{"embeddable":true,"href":"https:\/\/csi.inesctec.pt\/2022\/wp-json\/wp\/v2\/comments?post=13"}],"version-history":[{"count":121,"href":"https:\/\/csi.inesctec.pt\/2022\/wp-json\/wp\/v2\/pages\/13\/revisions"}],"predecessor-version":[{"id":558,"href":"https:\/\/csi.inesctec.pt\/2022\/wp-json\/wp\/v2\/pages\/13\/revisions\/558"}],"wp:attachment":[{"href":"https:\/\/csi.inesctec.pt\/2022\/wp-json\/wp\/v2\/media?parent=13"}],"curies":[{"name":"wp","href":"https:\/\/api.w.org\/{rel}","templated":true}]}}