{"id":22,"date":"2021-04-09T10:01:44","date_gmt":"2021-04-09T10:01:44","guid":{"rendered":"https:\/\/csi.inesctec.pt\/?page_id=22"},"modified":"2022-04-18T09:30:45","modified_gmt":"2022-04-18T09:30:45","slug":"organizacao","status":"publish","type":"page","link":"https:\/\/csi.inesctec.pt\/2022\/organizacao\/","title":{"rendered":"Organiza\u00e7\u00e3o"},"content":{"rendered":"\n<div class=\"wp-block-media-text alignwide is-stacked-on-mobile is-image-fill has-light-gray-background-color has-background\" style=\"grid-template-columns:20% auto\"><figure class=\"wp-block-media-text__media\" style=\"background-image:url(http:\/\/csi.inesctec.pt\/wp-content\/uploads\/2022\/03\/LP.jpg);background-position:50% 50%\"><img loading=\"lazy\" decoding=\"async\" width=\"140\" height=\"200\" src=\"http:\/\/csi.inesctec.pt\/wp-content\/uploads\/2022\/03\/LP.jpg\" alt=\"\" class=\"wp-image-373 size-full\"\/><\/figure><div class=\"wp-block-media-text__content\">\n<p class=\"has-primary-color has-text-color\"><strong><a href=\"https:\/\/www.inesctec.pt\/pt\/pessoas\/luis-manuel-pessoa\" target=\"_blank\" rel=\"noreferrer noopener\">Lu\u00eds Pessoa<\/a><\/strong><br><a href=\"mailto:luis.m.pessoa@inesctec.pt\">luis.m.pessoa@inesctec.pt<\/a><\/p>\n\n\n\n<p class=\"has-drop-cap has-small-font-size\">Lu\u00eds Pessoa \u00e9 investigador s\u00e9nior no Centro de Telecomunica\u00e7\u00f5es e Multim\u00e9dia do INESC TEC, e coordenador da \u00e1rea de tecnologia \u00f3tica e eletr\u00f3nica. Concluiu a licenciatura em 2006 e o doutoramento em 2011, ambos em Engenharia Electrot\u00e9cnica e de Computadores, pela Faculdade de Engenharia da Universidade do Porto. Atualmente \u00e9 respons\u00e1vel pela conce\u00e7\u00e3o e gest\u00e3o de projetos de I&amp;D, orienta\u00e7\u00e3o de alunos de mestrado\/doutoramento e bolseiros de investiga\u00e7\u00e3o, e por promover a valoriza\u00e7\u00e3o de resultados de investiga\u00e7\u00e3o atrav\u00e9s de contratos com a ind\u00fastria. Esteve envolvido como professor assistente convidado da Universidade do Porto nas disciplinas de engenharia de r\u00e1dio e micro-ondas, comunica\u00e7\u00f5es \u00f3ticas, ondas eletromagn\u00e9ticas e processamento digital de sinal. \u00c9 autor\/co-autor de mais de 60 publica\u00e7\u00f5es em confer\u00eancias e revistas internacionais com revis\u00e3o por pares, e de duas patentes europeias. Os seus principais interesses de investiga\u00e7\u00e3o incluem antenas reconfigur\u00e1veis baseadas na integra\u00e7\u00e3o de materiais espec\u00edficos at\u00e9 \u00e0 gama de&nbsp;frequ\u00eancias dos sub-THz, comunica\u00e7\u00f5es \u00f3ticas e interfaces \u00f3ticos sem fios.<\/p>\n<\/div><\/div>\n\n\n\n<div class=\"wp-block-media-text alignwide has-media-on-the-right is-stacked-on-mobile is-image-fill\" style=\"grid-template-columns:auto 20%\"><figure class=\"wp-block-media-text__media\" style=\"background-image:url(http:\/\/csi.inesctec.pt\/wp-content\/uploads\/2022\/03\/LCR.jpg);background-position:51% 46%\"><img loading=\"lazy\" decoding=\"async\" width=\"545\" height=\"818\" src=\"http:\/\/csi.inesctec.pt\/wp-content\/uploads\/2022\/03\/LCR.jpg\" alt=\"\" class=\"wp-image-310 size-full\" srcset=\"https:\/\/csi.inesctec.pt\/2022\/wp-content\/uploads\/2022\/03\/LCR.jpg 545w, https:\/\/csi.inesctec.pt\/2022\/wp-content\/uploads\/2022\/03\/LCR-200x300.jpg 200w\" sizes=\"auto, (max-width: 545px) 100vw, 545px\" \/><\/figure><div class=\"wp-block-media-text__content\">\n<p class=\"has-text-align-right has-primary-color has-text-color\"><strong><a href=\"https:\/\/www.inesctec.pt\/pt\/pessoas\/luis-corte-real\" target=\"_blank\" rel=\"noreferrer noopener\">Lu\u00eds Corte-Real<\/a><\/strong><br><a href=\"mailto:luis.corte-real@inesctec.pt\">luis.corte-real@inesctec.pt<\/a><\/p>\n\n\n\n<p class=\"has-drop-cap has-text-align-left has-small-font-size\">Lu\u00eds C\u00f4rte-Real licenciou-se em Engenharia Electrot\u00e9cnica, op\u00e7\u00e3o de Telecomunica\u00e7\u00f5es, na Faculdade de Engenharia da Universidade do Porto (FEUP), em 1981, concluiu o Mestrado em Engenharia Electrot\u00e9cnica e de Computadores no Instituto Superior T\u00e9cnico (IST), em 1986, e doutorou-se em Engenharia Electrot\u00e9cnica e de Computadores na FEUP, em 1994. Atualmente \u00e9 docente do Departamento de Engenharia Electrot\u00e9cnica e de Computadores da FEUP desde 1985, onde actualmente exerce as fun\u00e7\u00f5es de Professor Associado. \u00c9 investigador no INESC TEC desde 1985 e a sua atividade de investiga\u00e7\u00e3o inclui os seguintes t\u00f3picos: Processamento de Imagem e V\u00eddeo, Compress\u00e3o de V\u00eddeo para muito Baixos D\u00e9bitos e Descri\u00e7\u00e3o de V\u00eddeo.&nbsp;<\/p>\n<\/div><\/div>\n\n\n\n<div class=\"wp-block-media-text alignwide is-stacked-on-mobile is-image-fill has-light-gray-background-color has-background\" style=\"grid-template-columns:20% auto\"><figure class=\"wp-block-media-text__media\" style=\"background-image:url(https:\/\/csi.inesctec.pt\/wp-content\/uploads\/2022\/03\/hf.jpg);background-position:50% 30%\"><img loading=\"lazy\" decoding=\"async\" width=\"2504\" height=\"2504\" src=\"https:\/\/csi.inesctec.pt\/wp-content\/uploads\/2022\/03\/hf.jpg\" alt=\"\" class=\"wp-image-317 size-full\" srcset=\"https:\/\/csi.inesctec.pt\/2022\/wp-content\/uploads\/2022\/03\/hf.jpg 2504w, https:\/\/csi.inesctec.pt\/2022\/wp-content\/uploads\/2022\/03\/hf-300x300.jpg 300w, https:\/\/csi.inesctec.pt\/2022\/wp-content\/uploads\/2022\/03\/hf-1024x1024.jpg 1024w, https:\/\/csi.inesctec.pt\/2022\/wp-content\/uploads\/2022\/03\/hf-150x150.jpg 150w, https:\/\/csi.inesctec.pt\/2022\/wp-content\/uploads\/2022\/03\/hf-768x768.jpg 768w, https:\/\/csi.inesctec.pt\/2022\/wp-content\/uploads\/2022\/03\/hf-1536x1536.jpg 1536w, https:\/\/csi.inesctec.pt\/2022\/wp-content\/uploads\/2022\/03\/hf-2048x2048.jpg 2048w, https:\/\/csi.inesctec.pt\/2022\/wp-content\/uploads\/2022\/03\/hf-720x720.jpg 720w\" sizes=\"auto, (max-width: 2504px) 100vw, 2504px\" \/><\/figure><div class=\"wp-block-media-text__content\">\n<p class=\"has-primary-color has-text-color\"><strong><a href=\"https:\/\/www.inesctec.pt\/pt\/pessoas\/ana-maria-rebelo\"><\/a><strong><a href=\"https:\/\/www.inesctec.pt\/pt\/pessoas\/helder-martins-fontes\" target=\"_blank\" rel=\"noreferrer noopener\">H\u00e9lder Martins Fontes<\/a><\/strong><\/strong><br><a href=\"mailto:helder.m.fontes@inesctec.pt\">helder.m.fontes@inesctec.pt<\/a><\/p>\n\n\n\n<p class=\"has-drop-cap has-small-font-size\">Helder Fontes obteve os graus de Mestrado em 2010 e Doutoramento em 2019, ambos em Engenharia Inform\u00e1tica na Faculdade de Engenharia da Universidade do Porto, Portugal. Ele \u00e9 o coordenador da \u00e1rea de Redes Sem Fios no INESC TEC, e desde 2009 participou em v\u00e1rios projetos de investiga\u00e7\u00e3o nacionais e Europeus, incluindo o SITMe, HiperWireless, FP7 SUNNY, H2020 ResponDrone, DECARBONIZE, FLY.PT e ainda projetos <em>Open Call<\/em> do FED4FIRE+ como o SIMBED, SIMBED+ e SMART. Ele supervisionou mais de 10 teses de Mestrado em simula\u00e7\u00e3o, emula\u00e7\u00e3o e experimenta\u00e7\u00e3o de redes sem fios. Os seus interesses de investiga\u00e7\u00e3o incluem a simula\u00e7\u00e3o, emula\u00e7\u00e3o e experimenta\u00e7\u00e3o de redes sem fios no contexto de cen\u00e1rios emergentes tais como o a\u00e9reo e o mar\u00edtimo, com especial foco na repetibilidade e reprodutibilidade de experi\u00eancias usando <em>digital twins<\/em> de <em>testbeds<\/em> sem fios.\u201c<\/p>\n<\/div><\/div>\n\n\n\n<div class=\"wp-block-media-text alignwide has-media-on-the-right is-stacked-on-mobile is-image-fill\" style=\"grid-template-columns:auto 20%\"><figure class=\"wp-block-media-text__media\" style=\"background-image:url(http:\/\/csi.inesctec.pt\/wp-content\/uploads\/2022\/03\/TP.png);background-position:50% 50%\"><img loading=\"lazy\" decoding=\"async\" width=\"637\" height=\"580\" src=\"http:\/\/csi.inesctec.pt\/wp-content\/uploads\/2022\/03\/TP.png\" alt=\"\" class=\"wp-image-312 size-large\" srcset=\"https:\/\/csi.inesctec.pt\/2022\/wp-content\/uploads\/2022\/03\/TP.png 637w, https:\/\/csi.inesctec.pt\/2022\/wp-content\/uploads\/2022\/03\/TP-300x273.png 300w\" sizes=\"auto, (max-width: 637px) 100vw, 637px\" \/><\/figure><div class=\"wp-block-media-text__content\">\n<p class=\"has-text-align-right\"><a href=\"https:\/\/www.inesctec.pt\/pt\/pessoas\/tania-pereira\" target=\"_blank\" rel=\"noreferrer noopener\"><strong>T\u00e2nia Pereira<\/strong><\/a><br><a href=\"mailto:tania.pereira@inesctec.pt\">tania.pereira@inesctec.pt<\/a><\/p>\n\n\n\n<p class=\"has-drop-cap has-small-font-size\">T\u00e2nia Pereira received the master&#8217;s and Ph.D. degrees in Biomedical Engineering from the University of Coimbra (Portugal), in 2009 and 2014, respectively. She then finished her postdoctoral training at the University of Lleida (Spain), in 2017, and the University of California at San Francisco (USA), in 2019. She is currently an Assistant Researcher with the INESC TEC &#8211; Institute for Systems and Computer Engineering, Technology and Science (Portugal), where she conducts research in the fields of image and signal processing and the applications of machine learning in biomedical research.<\/p>\n<\/div><\/div>\n\n\n\n<div class=\"wp-block-media-text alignwide is-stacked-on-mobile is-image-fill has-light-gray-background-color has-background\" style=\"grid-template-columns:20% auto\"><figure class=\"wp-block-media-text__media\" style=\"background-image:url(http:\/\/csi.inesctec.pt\/wp-content\/uploads\/2022\/03\/jst-1024x1024.jpeg);background-position:50% 50%\"><img loading=\"lazy\" decoding=\"async\" width=\"1024\" height=\"1024\" src=\"http:\/\/csi.inesctec.pt\/wp-content\/uploads\/2022\/03\/jst-1024x1024.jpeg\" alt=\"\" class=\"wp-image-308 size-full\" srcset=\"https:\/\/csi.inesctec.pt\/2022\/wp-content\/uploads\/2022\/03\/jst-1024x1024.jpeg 1024w, https:\/\/csi.inesctec.pt\/2022\/wp-content\/uploads\/2022\/03\/jst-300x300.jpeg 300w, https:\/\/csi.inesctec.pt\/2022\/wp-content\/uploads\/2022\/03\/jst-150x150.jpeg 150w, https:\/\/csi.inesctec.pt\/2022\/wp-content\/uploads\/2022\/03\/jst-768x768.jpeg 768w, https:\/\/csi.inesctec.pt\/2022\/wp-content\/uploads\/2022\/03\/jst-1536x1536.jpeg 1536w, https:\/\/csi.inesctec.pt\/2022\/wp-content\/uploads\/2022\/03\/jst-2048x2048.jpeg 2048w, https:\/\/csi.inesctec.pt\/2022\/wp-content\/uploads\/2022\/03\/jst-720x720.jpeg 720w\" sizes=\"auto, (max-width: 1024px) 100vw, 1024px\" \/><\/figure><div class=\"wp-block-media-text__content\">\n<p><strong><a href=\"https:\/\/www.inesctec.pt\/pt\/pessoas\/joana-santos-tavares\" target=\"_blank\" rel=\"noreferrer noopener\">Joana Santos Tavares<\/a><\/strong><br><a href=\"mailto:joana.s.tavares@inesctec.pt\">joana.s.tavares@inesctec.pt<\/a><\/p>\n\n\n\n<p class=\"has-drop-cap has-small-font-size\">Joana Tavares concluiu o Mestrado em Engenharia Electrot\u00e9cnica e de Computadores em 2012 e o Programa Doutoral em Telecomunica\u00e7\u00f5es (MAP-tele) em 2021, ambos na Faculdade de Engenharia da Universidade do Porto. \u00c9 investigadora desde 2014 no grupo de Tecnologias \u00d3pticas e Electr\u00f3nicas do Centro de Telecomunica\u00e7\u00f5es e Multim\u00e9dia do INESC TEC. Os seus principais interesses de investiga\u00e7\u00e3o incluem simula\u00e7\u00e3o de sistemas de comunica\u00e7\u00e3o \u00f3ptica, compensa\u00e7\u00e3o de n\u00e3o linearidades em fibras, e agrupamentos de antenas, nomeadamente s\u00edntese de padr\u00f5es de radia\u00e7\u00e3o e t\u00e9cnicas de <em>beamforming<\/em>. Atualmente \u00e9 professora auxiliar convidada na FEUP na disciplina de Ondas Eletromagn\u00e9ticas.<\/p>\n<\/div><\/div>\n\n\n\n<p><\/p>\n","protected":false},"excerpt":{"rendered":"<p>Lu\u00eds Pessoaluis.m.pessoa@inesctec.pt Lu\u00eds Pessoa \u00e9 investigador s\u00e9nior no Centro de Telecomunica\u00e7\u00f5es e Multim\u00e9dia do INESC TEC, e coordenador da \u00e1rea de tecnologia \u00f3tica e eletr\u00f3nica. Concluiu a licenciatura em 2006 e o doutoramento em 2011, ambos em Engenharia Electrot\u00e9cnica e de Computadores, pela Faculdade de Engenharia da Universidade do Porto. Atualmente \u00e9 respons\u00e1vel pela conce\u00e7\u00e3o [&hellip;]<\/p>\n","protected":false},"author":7,"featured_media":0,"parent":0,"menu_order":0,"comment_status":"closed","ping_status":"closed","template":"","meta":{"gt_page_layout":"","gt_hide_page_title":false,"gt_remove_bottom_margin":false,"footnotes":""},"class_list":["post-22","page","type-page","status-publish","hentry"],"_links":{"self":[{"href":"https:\/\/csi.inesctec.pt\/2022\/wp-json\/wp\/v2\/pages\/22","targetHints":{"allow":["GET"]}}],"collection":[{"href":"https:\/\/csi.inesctec.pt\/2022\/wp-json\/wp\/v2\/pages"}],"about":[{"href":"https:\/\/csi.inesctec.pt\/2022\/wp-json\/wp\/v2\/types\/page"}],"author":[{"embeddable":true,"href":"https:\/\/csi.inesctec.pt\/2022\/wp-json\/wp\/v2\/users\/7"}],"replies":[{"embeddable":true,"href":"https:\/\/csi.inesctec.pt\/2022\/wp-json\/wp\/v2\/comments?post=22"}],"version-history":[{"count":17,"href":"https:\/\/csi.inesctec.pt\/2022\/wp-json\/wp\/v2\/pages\/22\/revisions"}],"predecessor-version":[{"id":494,"href":"https:\/\/csi.inesctec.pt\/2022\/wp-json\/wp\/v2\/pages\/22\/revisions\/494"}],"wp:attachment":[{"href":"https:\/\/csi.inesctec.pt\/2022\/wp-json\/wp\/v2\/media?parent=22"}],"curies":[{"name":"wp","href":"https:\/\/api.w.org\/{rel}","templated":true}]}}