{"id":269,"date":"2022-03-21T14:26:31","date_gmt":"2022-03-21T14:26:31","guid":{"rendered":"https:\/\/csi.inesctec.pt\/?page_id=269"},"modified":"2023-01-25T12:26:04","modified_gmt":"2023-01-25T12:26:04","slug":"inicio","status":"publish","type":"page","link":"https:\/\/csi.inesctec.pt\/2022\/","title":{"rendered":"In\u00edcio"},"content":{"rendered":"\n<p class=\"has-small-font-size\" style=\"font-style:normal;font-weight:300\">Tens interesse pela investiga\u00e7\u00e3o? Gostavas de aprender a criar algo realmente novo? O <a href=\"https:\/\/www.inesctec.pt\/en\/centres\/ctm\" target=\"_blank\" rel=\"noreferrer noopener\">Centro de Telecomunica\u00e7\u00f5es e Multim\u00e9dia<\/a> (CTM) do <a href=\"https:\/\/www.inesctec.pt\/pt\" target=\"_blank\" rel=\"noreferrer noopener\">INESC TEC<\/a> oferece-te essa possibilidade.<\/p>\n\n\n\n<h2 class=\"has-primary-color has-text-color wp-block-heading\">O que s\u00e3o os Est\u00e1gios de Ver\u00e3o CTM?<\/h2>\n\n\n\n<p class=\"has-small-font-size\" style=\"font-style:normal;font-weight:300\">Os est\u00e1gios de ver\u00e3o do CTM s\u00e3o um evento anual, este ano na sua 6\u00aa edi\u00e7\u00e3o, que te permite participar em trabalho de investiga\u00e7\u00e3o e de desenvolvimento, com o acompanhamento de orientadores especialistas em uma das quatro \u00e1reas do centro:<\/p>\n\n\n\n<ul class=\"wp-block-list\">\n<li><a rel=\"noreferrer noopener\" href=\"http:\/\/win.inesctec.pt\/\" target=\"_blank\">Redes Sem Fios<\/a> <kbd><mark style=\"background-color:rgba(0, 0, 0, 0)\" class=\"has-inline-color has-primary-color\">[WiN]<\/mark><\/kbd>,<\/li>\n\n\n\n<li><a rel=\"noreferrer noopener\" href=\"https:\/\/oet.inesctec.pt\/\" target=\"_blank\">Tecnologias \u00d3ticas e Eletr\u00f3nicas<\/a> <kbd><mark style=\"background-color:rgba(0, 0, 0, 0)\" class=\"has-inline-color has-primary-color\">[OET]<\/mark><\/kbd>, <\/li>\n\n\n\n<li><a rel=\"noreferrer noopener\" href=\"https:\/\/mct.inesctec.pt\/\" target=\"_blank\">Tecnologias de Comunica\u00e7\u00f5es Multim\u00e9dia<\/a> <kbd><mark style=\"background-color:rgba(0, 0, 0, 0)\" class=\"has-inline-color has-primary-color\">[MCT]<\/mark><\/kbd>, <\/li>\n\n\n\n<li><a rel=\"noreferrer noopener\" href=\"http:\/\/vcmi.inesctec.pt\/\" target=\"_blank\">Computa\u00e7\u00e3o Visual e Intelig\u00eancia Artificial<\/a> <kbd><mark style=\"background-color:rgba(0, 0, 0, 0)\" class=\"has-inline-color has-primary-color\">[VCMI]<\/mark><\/kbd>.<\/li>\n<\/ul>\n\n\n\n<p class=\"has-small-font-size\" style=\"font-style:normal;font-weight:300\">Os est\u00e1gios t\u00eam a dura\u00e7\u00e3o de <strong>um m\u00eas,<\/strong> sem remunera\u00e7\u00e3o, e decorrem durante o m\u00eas de <strong>julho<\/strong>, em modo <strong>presencial, remoto<\/strong> ou <strong>h\u00edbrido<\/strong>. No final do est\u00e1gio, ter\u00e1s a oportunidade de apresentar os resultados do teu trabalho ao centro e ainda poder\u00e1s receber um dos <strong>pr\u00e9mios de melhor est\u00e1gio! <\/strong>Todos os participantes ir\u00e3o receber um <strong>certificado de conclus\u00e3o de est\u00e1gio<\/strong> para acrescentarem ao CV!<\/p>\n\n\n\n<h2 class=\"has-primary-color has-text-color wp-block-heading\">Como participar?<\/h2>\n\n\n\n<p class=\"has-small-font-size\" style=\"font-style:normal;font-weight:300\">Para participar deves consultar os <a rel=\"noreferrer noopener\" href=\"https:\/\/drive.inesctec.pt\/s\/ZG887n9GDqpPyBf\" target=\"_blank\"><strong>temas de est\u00e1gio<\/strong><\/a> dispon\u00edveis nesta edi\u00e7\u00e3o e submeter a tua candidatura ao(s) tema(s) do teu interesse atrav\u00e9s do formul\u00e1rio. Os resultados da candidatura ser\u00e3o comunicados posteriormente por e-mail.<br><br>Antes do in\u00edcio dos est\u00e1gios ainda ter\u00e1s oportunidade de tirar qualquer d\u00favida sobre os est\u00e1gios numa sess\u00e3o de esclarecimento via Zoom.<br><br>Consulta o <a href=\"https:\/\/csi.inesctec.pt\/calendario\/\"><strong>calend\u00e1rio<\/strong><\/a> para ficares a par das datas importantes.<\/p>\n\n\n\n<h2 class=\"has-primary-color has-text-color wp-block-heading\">Pr\u00e9mios de melhor est\u00e1gio<\/h2>\n\n\n\n<p class=\"has-small-font-size\" style=\"font-style:normal;font-weight:300\">Os est\u00e1gios de ver\u00e3o CTM 2022 chegaram ao fim. Parab\u00e9ns a todos os estagi\u00e1rios que participaram!<br>Esta \u00e9 a lista dos premiados desta edi\u00e7\u00e3o:<\/p>\n\n\n\n<figure class=\"wp-block-image size-large\"><img decoding=\"async\" src=\"https:\/\/csi.inesctec.pt\/files\/Pr%C3%A9mios-melhor-est%C3%A1gio.png\" alt=\"\"\/><\/figure>\n\n\n\n<h2 class=\"has-primary-color has-text-color wp-block-heading\">Fotos do evento final<\/h2>\n\n\n\n<figure class=\"wp-block-image size-large is-resized\"><img loading=\"lazy\" decoding=\"async\" src=\"https:\/\/csi.inesctec.pt\/2022\/fotos\/921A3287.JPG\" alt=\"\" width=\"750\" height=\"500\"\/><\/figure>\n\n\n\n<figure class=\"wp-block-image size-large\"><img decoding=\"async\" src=\"https:\/\/csi.inesctec.pt\/2022\/fotos\/921A3288.JPG\" alt=\"\"\/><\/figure>\n\n\n\n<figure class=\"wp-block-image size-large\"><img decoding=\"async\" src=\"https:\/\/csi.inesctec.pt\/2022\/fotos\/921A3291.JPG\" alt=\"\"\/><\/figure>\n\n\n\n<figure class=\"wp-block-image size-large\"><img decoding=\"async\" src=\"https:\/\/csi.inesctec.pt\/2022\/fotos\/921A3308.JPG\" alt=\"\"\/><\/figure>\n\n\n\n<figure class=\"wp-block-image size-large\"><img decoding=\"async\" src=\"https:\/\/csi.inesctec.pt\/2022\/fotos\/921A3311.JPG\" alt=\"\"\/><\/figure>\n\n\n\n<figure class=\"wp-block-image size-large\"><img decoding=\"async\" src=\"https:\/\/csi.inesctec.pt\/2022\/fotos\/921A3317.JPG\" alt=\"\"\/><\/figure>\n\n\n\n<figure class=\"wp-block-image size-large\"><img decoding=\"async\" src=\"https:\/\/csi.inesctec.pt\/2022\/fotos\/921A3325.JPG\" alt=\"\"\/><\/figure>\n\n\n\n<figure class=\"wp-block-image size-large\"><img decoding=\"async\" src=\"https:\/\/csi.inesctec.pt\/2022\/fotos\/IMG_1615.jpg\" alt=\"\"\/><\/figure>\n\n\n\n<figure class=\"wp-block-image size-large\"><img decoding=\"async\" src=\"https:\/\/csi.inesctec.pt\/2022\/fotos\/IMG_1620.jpg\" alt=\"\"\/><\/figure>\n\n\n\n<figure class=\"wp-block-image size-large\"><img decoding=\"async\" src=\"https:\/\/csi.inesctec.pt\/2022\/fotos\/IMG_20220728_115918.jpg\" alt=\"\"\/><\/figure>\n\n\n\n<figure class=\"wp-block-image size-large\"><img decoding=\"async\" src=\"https:\/\/csi.inesctec.pt\/2022\/fotos\/IMG_20220728_121219.jpg\" alt=\"\"\/><\/figure>\n\n\n\n<figure class=\"wp-block-image size-large\"><img decoding=\"async\" src=\"https:\/\/csi.inesctec.pt\/2022\/fotos\/IMG_20220728_141915.jpg\" alt=\"\"\/><\/figure>\n\n\n\n<figure class=\"wp-block-image size-large\"><img decoding=\"async\" src=\"https:\/\/csi.inesctec.pt\/2022\/fotos\/IMG_20220728_151939.jpg\" alt=\"\"\/><\/figure>\n","protected":false},"excerpt":{"rendered":"<p>Tens interesse pela investiga\u00e7\u00e3o? Gostavas de aprender a criar algo realmente novo? O Centro de Telecomunica\u00e7\u00f5es e Multim\u00e9dia (CTM) do INESC TEC oferece-te essa possibilidade. O que s\u00e3o os Est\u00e1gios de Ver\u00e3o CTM? Os est\u00e1gios de ver\u00e3o do CTM s\u00e3o um evento anual, este ano na sua 6\u00aa edi\u00e7\u00e3o, que te permite participar em trabalho [&hellip;]<\/p>\n","protected":false},"author":7,"featured_media":0,"parent":0,"menu_order":0,"comment_status":"closed","ping_status":"closed","template":"","meta":{"gt_page_layout":"","gt_hide_page_title":false,"gt_remove_bottom_margin":false,"footnotes":""},"class_list":["post-269","page","type-page","status-publish","hentry"],"_links":{"self":[{"href":"https:\/\/csi.inesctec.pt\/2022\/wp-json\/wp\/v2\/pages\/269","targetHints":{"allow":["GET"]}}],"collection":[{"href":"https:\/\/csi.inesctec.pt\/2022\/wp-json\/wp\/v2\/pages"}],"about":[{"href":"https:\/\/csi.inesctec.pt\/2022\/wp-json\/wp\/v2\/types\/page"}],"author":[{"embeddable":true,"href":"https:\/\/csi.inesctec.pt\/2022\/wp-json\/wp\/v2\/users\/7"}],"replies":[{"embeddable":true,"href":"https:\/\/csi.inesctec.pt\/2022\/wp-json\/wp\/v2\/comments?post=269"}],"version-history":[{"count":55,"href":"https:\/\/csi.inesctec.pt\/2022\/wp-json\/wp\/v2\/pages\/269\/revisions"}],"predecessor-version":[{"id":595,"href":"https:\/\/csi.inesctec.pt\/2022\/wp-json\/wp\/v2\/pages\/269\/revisions\/595"}],"wp:attachment":[{"href":"https:\/\/csi.inesctec.pt\/2022\/wp-json\/wp\/v2\/media?parent=269"}],"curies":[{"name":"wp","href":"https:\/\/api.w.org\/{rel}","templated":true}]}}