{"id":279,"date":"2022-03-21T15:03:48","date_gmt":"2022-03-21T15:03:48","guid":{"rendered":"https:\/\/csi.inesctec.pt\/?page_id=279"},"modified":"2022-09-07T15:53:26","modified_gmt":"2022-09-07T15:53:26","slug":"calendario","status":"publish","type":"page","link":"https:\/\/csi.inesctec.pt\/2022\/calendario\/","title":{"rendered":"Calend\u00e1rio"},"content":{"rendered":"\n<h2 class=\"has-primary-color has-text-color wp-block-heading\" id=\"dates\">Datas importantes<\/h2>\n\n\n\n<p style=\"font-size:18px;font-style:normal;font-weight:300\"><br><strong>19\/04\/2022:<\/strong> Abertura das candidaturas <\/p>\n\n\n\n<p style=\"font-size:18px;font-style:normal;font-weight:300\"><strong>11\/05\/2022:<\/strong> Sess\u00e3o de esclarecimento, \u00e0s 16h00 via Zoom<\/p>\n\n\n\n<p style=\"font-size:18px;font-style:normal;font-weight:300\"><strong>17\/05\/2022:<\/strong> Encerramento das candidaturas<\/p>\n\n\n\n<p style=\"font-size:18px;font-style:normal;font-weight:300\"><strong>03\/06\/2022:<\/strong> Divulga\u00e7\u00e3o dos resultados de candidatura<\/p>\n\n\n\n<p style=\"font-size:18px;font-style:normal;font-weight:300\"><strong>30\/06\/2022:<\/strong> In\u00edcio dos est\u00e1gios<br>Sess\u00e3o de boas vindas, \u00e0s 10h00 via zoom<\/p>\n\n\n\n<p style=\"font-size:18px;font-style:normal;font-weight:300\"><strong>28\/07\/2022:<\/strong> Conclus\u00e3o dos est\u00e1gios: apresenta\u00e7\u00f5es finais e atribui\u00e7\u00e3o de pr\u00e9mios<br><a rel=\"noreferrer noopener\" href=\"https:\/\/csi.inesctec.pt\/programa\/\" target=\"_blank\">Programa das apresenta\u00e7\u00f5es<\/a><\/p>\n\n\n\n<p><\/p>\n","protected":false},"excerpt":{"rendered":"<p>Datas importantes 19\/04\/2022: Abertura das candidaturas 11\/05\/2022: Sess\u00e3o de esclarecimento, \u00e0s 16h00 via Zoom 17\/05\/2022: Encerramento das candidaturas 03\/06\/2022: Divulga\u00e7\u00e3o dos resultados de candidatura 30\/06\/2022: In\u00edcio dos est\u00e1giosSess\u00e3o de boas vindas, \u00e0s 10h00 via zoom 28\/07\/2022: Conclus\u00e3o dos est\u00e1gios: apresenta\u00e7\u00f5es finais e atribui\u00e7\u00e3o de pr\u00e9miosPrograma das apresenta\u00e7\u00f5es<\/p>\n","protected":false},"author":7,"featured_media":0,"parent":0,"menu_order":0,"comment_status":"closed","ping_status":"closed","template":"","meta":{"gt_page_layout":"","gt_hide_page_title":false,"gt_remove_bottom_margin":false,"footnotes":""},"class_list":["post-279","page","type-page","status-publish","hentry"],"_links":{"self":[{"href":"https:\/\/csi.inesctec.pt\/2022\/wp-json\/wp\/v2\/pages\/279","targetHints":{"allow":["GET"]}}],"collection":[{"href":"https:\/\/csi.inesctec.pt\/2022\/wp-json\/wp\/v2\/pages"}],"about":[{"href":"https:\/\/csi.inesctec.pt\/2022\/wp-json\/wp\/v2\/types\/page"}],"author":[{"embeddable":true,"href":"https:\/\/csi.inesctec.pt\/2022\/wp-json\/wp\/v2\/users\/7"}],"replies":[{"embeddable":true,"href":"https:\/\/csi.inesctec.pt\/2022\/wp-json\/wp\/v2\/comments?post=279"}],"version-history":[{"count":39,"href":"https:\/\/csi.inesctec.pt\/2022\/wp-json\/wp\/v2\/pages\/279\/revisions"}],"predecessor-version":[{"id":584,"href":"https:\/\/csi.inesctec.pt\/2022\/wp-json\/wp\/v2\/pages\/279\/revisions\/584"}],"wp:attachment":[{"href":"https:\/\/csi.inesctec.pt\/2022\/wp-json\/wp\/v2\/media?parent=279"}],"curies":[{"name":"wp","href":"https:\/\/api.w.org\/{rel}","templated":true}]}}