{"id":42,"date":"2021-04-09T11:28:49","date_gmt":"2021-04-09T11:28:49","guid":{"rendered":"https:\/\/csi.inesctec.pt\/?page_id=42"},"modified":"2022-05-18T13:58:00","modified_gmt":"2022-05-18T13:58:00","slug":"temas-de-estagio","status":"publish","type":"page","link":"https:\/\/csi.inesctec.pt\/2022\/temas-de-estagio\/","title":{"rendered":"Temas de Est\u00e1gio"},"content":{"rendered":"\n<p class=\"has-medium-font-size\" style=\"font-style:normal;font-weight:500\">Candidata-te a um dos est\u00e1gios de ver\u00e3o que temos para oferecer!<\/p>\n\n\n\n<p class=\"has-small-font-size\" style=\"font-style:normal;font-weight:300\">Este ano o CTM oferece\u00a0<strong>9 temas de est\u00e1gio<\/strong>\u00a0distribu\u00eddos pelas v\u00e1rias \u00e1reas do centro. <br>Neste <a rel=\"noreferrer noopener\" href=\"https:\/\/drive.inesctec.pt\/s\/ZG887n9GDqpPyBf\" target=\"_blank\">link<\/a> podes consultar\u00a0as descri\u00e7\u00f5es completas dos temas, os planos de trabalhos e os orientadores de cada tema. <br>Escolhe at\u00e9 4 temas que mais despertem o teu interesse e preenche o formul\u00e1rio de candidatura indicando a tua ordem de prefer\u00eancia.<\/p>\n\n\n\n<p class=\"has-small-font-size\" style=\"font-style:normal;font-weight:300\">Aqui, podes consultar um resumo dos est\u00e1gios:<br><\/p>\n\n\n\n<p class=\"has-small-font-size\" style=\"font-style:normal;font-weight:700\"><mark style=\"background-color:rgba(0, 0, 0, 0)\" class=\"has-inline-color has-primary-color\">1. <\/mark><a rel=\"noreferrer noopener\" href=\"https:\/\/drive.inesctec.pt\/s\/5TABtLa4wfnwfHB\" target=\"_blank\">Elabora\u00e7\u00e3o de um Digital Twin da rede Wi-Fi do CTM usando o ns-3<\/a> <kbd><mark style=\"background-color:rgba(0, 0, 0, 0)\" class=\"has-inline-color has-primary-color\">[WiN]<\/mark><\/kbd><\/p>\n\n\n\n<p class=\"has-small-font-size\" style=\"font-style:normal;font-weight:300\">Este trabalho foca-se na representa\u00e7\u00e3o digital da rede Wi-Fi do CTM atrav\u00e9s da cria\u00e7\u00e3o de um Digital Twin baseado em ns-3 que reproduza fielmente as condi\u00e7\u00f5es da rede real. Este Digital Twin permitir\u00e1 avaliar o impacto de a\u00e7\u00f5es de redu\u00e7\u00e3o de consumo energ\u00e9tico (Ex: desligar determinados Access Points conforme o n\u00famero efetivo de utilizadores) antes mesmo de estas serem implementadas na realidade. <br><br>Orientadores: <br>Helder Fontes (<a href=\"mailto:helder.m.fontes@inesctec.pt\">helder.m.fontes@inesctec.pt<\/a>)<br>Jo\u00e3o Pedro Loureiro (<a href=\"mailto:joao.p.loureiro@inesctec.pt\">joao.p.loureiro@inesctec.pt<\/a>)<\/p>\n\n\n\n<hr class=\"wp-block-separator has-text-color has-background has-light-gray-background-color has-light-gray-color is-style-wide\"\/>\n\n\n\n<p class=\"has-small-font-size\" style=\"font-style:normal;font-weight:700\"><mark style=\"background-color:rgba(0, 0, 0, 0)\" class=\"has-inline-color has-primary-color\">2. <\/mark><a rel=\"noreferrer noopener\" href=\"https:\/\/drive.inesctec.pt\/s\/Zt5A44WTXA6pwH2\" target=\"_blank\"><em>Reinforcement Learning <\/em>aplicado \u00e0 decis\u00e3o autom\u00e1tica de <em>rates<\/em> Wi-Fi com valida\u00e7\u00e3o de dados experimentais<\/a> <kbd><mark style=\"background-color:rgba(0, 0, 0, 0)\" class=\"has-inline-color has-primary-color\">[WiN]<\/mark><\/kbd><\/p>\n\n\n\n<p class=\"has-small-font-size\" style=\"font-style:normal;font-weight:300\">Este trabalho foca-se na cria\u00e7\u00e3o e valida\u00e7\u00e3o de um algoritmo de <em>Deep Reinforcement Learning<\/em> (DRL) que tenta aprender quais as configura\u00e7\u00f5es que maximizam o desempenho de uma liga\u00e7\u00e3o Wi-Fi para cada condi\u00e7\u00e3o experimental (Ex: qual o <em>rate<\/em> a usar, conforme <em>o Signal-to-Noise Ratio<\/em> (SNR) observado). <br><br>Orientadores:<br>R\u00faben Queir\u00f3s (<a href=\"mailto:ruben.m.queiros@inesctec.pt\">ruben.m.queiros@inesctec.pt<\/a>)<br>Helder Fontes (<a href=\"mailto:helder.m.fontes@inesctec.pt\">helder.m.fontes@inesctec.pt<\/a>)<\/p>\n\n\n\n<hr class=\"wp-block-separator has-text-color has-background has-light-gray-background-color has-light-gray-color is-style-wide\"\/>\n\n\n\n<p class=\"has-small-font-size\" style=\"font-style:normal;font-weight:700\"><mark style=\"background-color:rgba(0, 0, 0, 0)\" class=\"has-inline-color has-primary-color\">3. <\/mark><a rel=\"noreferrer noopener\" href=\"https:\/\/drive.inesctec.pt\/s\/8eGDCs9cLD6Jz4D\" target=\"_blank\">Simula\u00e7\u00e3o e experimenta\u00e7\u00e3o de um protocolo de comunica\u00e7\u00e3o para redes sem fios subaqu\u00e1ticas utilizando <em>modems <\/em>ac\u00fasticos<\/a> <kbd><mark style=\"background-color:rgba(0, 0, 0, 0)\" class=\"has-inline-color has-primary-color\"><kbd><mark style=\"background-color:rgba(0, 0, 0, 0)\" class=\"has-inline-color has-primary-color\">[WiN]<\/mark><\/kbd><\/mark><\/kbd><\/p>\n\n\n\n<p class=\"has-small-font-size\" style=\"font-style:normal;font-weight:300\">Este trabalho foca-se na simula\u00e7\u00e3o e experimenta\u00e7\u00e3o de comunica\u00e7\u00f5es ac\u00fasticas sub-aqu\u00e1ticas. O objetivo \u00e9 a valida\u00e7\u00e3o do protocolo <em>Underwater Data Muling Protocol<\/em> (UDMP) em ambiente laboratorial (tanques de \u00e1gua doce do INESC TEC), comparando com resultados obtidos atrav\u00e9s do simulador UnetStack.<br><br>Orientadores: <br>Jo\u00e3o P. Loureiro (<a href=\"mailto:joao.p.loureiro@inesctec.pt\">joao.p.loureiro@inesctec.pt<\/a>)<br>Filipe B. Teixeira (<a href=\"mailto:filipe.b.teixeira@inesctec.pt\">filipe.b.teixeira@inesctec.pt<\/a>)<br>Rui Campos (<a href=\"mailto:rui.l.campos@inesctec.pt\">rui.l.campos@inesctec.pt<\/a>)<\/p>\n\n\n\n<hr class=\"wp-block-separator has-text-color has-background has-light-gray-background-color has-light-gray-color is-style-wide\"\/>\n\n\n\n<p class=\"has-small-font-size\" style=\"font-style:normal;font-weight:700\"><mark style=\"background-color:rgba(0, 0, 0, 0)\" class=\"has-inline-color has-primary-color\">4. <\/mark><a rel=\"noreferrer noopener\" href=\"https:\/\/drive.inesctec.pt\/s\/aM8j9joFe6BfY8n\" target=\"_blank\">Caracteriza\u00e7\u00e3o experimental r\u00e1dio-frequ\u00eancia das propriedades diel\u00e9tricas de materiais<\/a> <kbd><mark style=\"background-color:rgba(0, 0, 0, 0)\" class=\"has-inline-color has-primary-color\">[OET]<\/mark><\/kbd><\/p>\n\n\n\n<p class=\"has-small-font-size\" style=\"font-style:normal;font-weight:300\">Este trabalho tem como objetivo caracterizar um conjunto de amostras de materiais por impress\u00e3o 3D e obter as propriedades diel\u00e9tricas dos materiais, e inclui a implementa\u00e7\u00e3o de uma montagem experimental que permita a caracteriza\u00e7\u00e3o RF de materiais. <br><br>Orientadores:<br>Lu\u00eds Pessoa (<a href=\"mailto:luis.m.pessoa@inesctec.pt\">luis.m.pessoa@inesctec.pt<\/a>)<\/p>\n\n\n\n<hr class=\"wp-block-separator has-text-color has-background has-light-gray-background-color has-light-gray-color is-style-wide\"\/>\n\n\n\n<p class=\"has-small-font-size\" style=\"font-style:normal;font-weight:700\"><mark style=\"background-color:rgba(0, 0, 0, 0)\" class=\"has-inline-color has-primary-color\">5. <\/mark><a rel=\"noreferrer noopener\" href=\"https:\/\/drive.inesctec.pt\/s\/p5wA8jMe2ikkSaf\" target=\"_blank\">Comunica\u00e7\u00f5es \u00d3ticas MIMO<\/a> <kbd><mark style=\"background-color:rgba(0, 0, 0, 0)\" class=\"has-inline-color has-primary-color\">[OET]<\/mark><\/kbd><\/p>\n\n\n\n<p class=\"has-small-font-size\" style=\"font-style:normal;font-weight:300\">Neste projeto pretende-se desenvolver um modelo num\u00e9rico de simula\u00e7\u00e3o de um canal subaqu\u00e1tico 2&#215;2. Este trabalho ter\u00e1 por base um trabalho anterior onde foi desenvolvido um modelo do canal por simula\u00e7\u00e3o de Monte Carlo da equa\u00e7\u00e3o de taxa de transfer\u00eancia de fot\u00f5es, para a determina\u00e7\u00e3o da resposta impulsional do canal.<br><br>Orientadores: <br>Henrique Salgado (<a href=\"mailto:hsalgado@fe.up.pt\">hsalgado@fe.up.pt<\/a>)<\/p>\n\n\n\n<hr class=\"wp-block-separator has-text-color has-background has-light-gray-background-color has-light-gray-color is-style-wide\"\/>\n\n\n\n<p class=\"has-small-font-size\" style=\"font-style:normal;font-weight:700\"><mark style=\"background-color:rgba(0, 0, 0, 0)\" class=\"has-inline-color has-primary-color\">6. <\/mark><a rel=\"noreferrer noopener\" href=\"https:\/\/drive.inesctec.pt\/s\/ccDyNsCxWgczSsq\" target=\"_blank\">Dete\u00e7\u00e3o de objetos por eventos<\/a> <kbd><mark style=\"background-color:rgba(0, 0, 0, 0)\" class=\"has-inline-color has-primary-color\">[MCT]<\/mark><\/kbd><\/p>\n\n\n\n<p class=\"has-small-font-size\" style=\"font-style:normal;font-weight:300\">Pretende-se estudar a dete\u00e7\u00e3o de eventos em v\u00eddeos e testar estrat\u00e9gias que permitam a sua aplica\u00e7\u00e3o na dete\u00e7\u00e3o de objetos.<br><br>Orientadores:&nbsp;<br>Pedro Carvalho (<a href=\"mailto:pedro.carvalho@inesctec.pt\">pedro.carvalho@inesctec.pt<\/a>)&nbsp;<\/p>\n\n\n\n<hr class=\"wp-block-separator has-text-color has-background has-light-gray-background-color has-light-gray-color is-style-wide\"\/>\n\n\n\n<p class=\"has-small-font-size\" style=\"font-style:normal;font-weight:700\"><mark style=\"background-color:rgba(0, 0, 0, 0)\" class=\"has-inline-color has-primary-color\">7. <\/mark><a rel=\"noreferrer noopener\" href=\"https:\/\/drive.inesctec.pt\/s\/zFwyxKYyenKsqMo\" target=\"_blank\">3D Reconstruction of Humans<\/a> <kbd><mark style=\"background-color:rgba(0, 0, 0, 0)\" class=\"has-inline-color has-primary-color\">[MCT]<\/mark><\/kbd><\/p>\n\n\n\n<p class=\"has-small-font-size\" style=\"font-style:normal;font-weight:300\">Compara\u00e7\u00e3o de modelos param\u00e9tricos de humanos com o objetivo de realizar a sua representa\u00e7\u00e3o em 3D.<br><br>Orientadores: <br>Am\u00e9rico Jos\u00e9 Rodrigues Pereira (<a href=\"mailto:americo.j.pereira@inestec.pt\">americo.j.pereira@inestec.pt<\/a>)<\/p>\n\n\n\n<hr class=\"wp-block-separator has-text-color has-background has-light-gray-background-color has-light-gray-color is-style-wide\"\/>\n\n\n\n<p class=\"has-small-font-size\" style=\"font-style:normal;font-weight:700\"><mark style=\"background-color:rgba(0, 0, 0, 0)\" class=\"has-inline-color has-primary-color\">8. <\/mark><a rel=\"noreferrer noopener\" href=\"https:\/\/drive.inesctec.pt\/s\/zmaAk6D3RoAxXbx\" target=\"_blank\">Classifica\u00e7\u00e3o de atividade humana em v\u00eddeos<\/a> <kbd><mark style=\"background-color:rgba(0, 0, 0, 0)\" class=\"has-inline-color has-primary-color\">[VCMI]<\/mark><\/kbd><\/p>\n\n\n\n<p class=\"has-small-font-size\" style=\"font-style:normal;font-weight:300\">O objetivo deste est\u00e1gio \u00e9 o desenvolvimento de algoritmos de deep learning com o objetivo de classificar atividade humana em v\u00eddeos. Este \u00e9 um t\u00f3pico particularmente relavante devido \u00e0s suas aplica\u00e7\u00f5es no mundo real, como sistemas de vigil\u00e2ncia, condu\u00e7\u00e3o aut\u00f3noma, entretenimento, recupera\u00e7\u00e3o de v\u00eddeo.&nbsp;<br><br>Orientadores: <br>Leonardo Gomes Capozzi (<a href=\"mailto:leonardo.g.capozzi@inesctec.pt\">leonardo.g.capozzi@inesctec.pt<\/a>)<br>Tiago Gon\u00e7alves (<a href=\"mailto:tiago.f.goncalves@inestec.pt\">tiago.f.goncalves@inestec.pt<\/a>)<\/p>\n\n\n\n<hr class=\"wp-block-separator has-text-color has-background has-light-gray-background-color has-light-gray-color is-style-wide\"\/>\n\n\n\n<p class=\"has-small-font-size\" style=\"font-style:normal;font-weight:700\"><mark style=\"background-color:rgba(0, 0, 0, 0)\" class=\"has-inline-color has-primary-color\">9. <\/mark><a rel=\"noreferrer noopener\" href=\"https:\/\/drive.inesctec.pt\/s\/pndMNnBH6dQWrN7\" target=\"_blank\">Explainable Artificial Intelligence &#8211; Injecting Domain Knowledge for Interpretable Face Recognition Deep Learning Models<\/a> <kbd><mark style=\"background-color:rgba(0, 0, 0, 0)\" class=\"has-inline-color has-primary-color\">[VCMI]<\/mark><\/kbd><\/p>\n\n\n\n<p class=\"has-small-font-size\" style=\"font-style:normal;font-weight:300\">Este trabalho foca-se&nbsp;no desenvolvimento de um modelo de deep learning usando informa\u00e7\u00e3o sem\u00e2ntica para reconhecimento facial. Objectivo \u00e9 usar modelos explic\u00e1veis para perceber poss\u00edveis \u201cbias\u201d dos modelos desenvolvidos.&nbsp;<br><br>Orientadores:<br>Ana F. Sequeira (<a rel=\"noreferrer noopener\" href=\"mailto:ana.f.sequeira@inesctec.pt\" target=\"_blank\">ana.f.sequeira@inesctec.pt<\/a>)<br>Pedro Neto (<a rel=\"noreferrer noopener\" href=\"mailto:pedro.d.carneiro@inesctec.pt\" target=\"_blank\">pedro.d.carneiro@inesctec.pt<\/a>)<br>Jaime S. Cardoso (<a rel=\"noreferrer noopener\" href=\"mailto:jaime.cardoso@inesctec.pt\" target=\"_blank\">jaime.cardoso@inesctec.pt<\/a>)<\/p>\n","protected":false},"excerpt":{"rendered":"<p>Candidata-te a um dos est\u00e1gios de ver\u00e3o que temos para oferecer! Este ano o CTM oferece\u00a09 temas de est\u00e1gio\u00a0distribu\u00eddos pelas v\u00e1rias \u00e1reas do centro. Neste link podes consultar\u00a0as descri\u00e7\u00f5es completas dos temas, os planos de trabalhos e os orientadores de cada tema. Escolhe at\u00e9 4 temas que mais despertem o teu interesse e preenche o [&hellip;]<\/p>\n","protected":false},"author":7,"featured_media":0,"parent":0,"menu_order":0,"comment_status":"closed","ping_status":"closed","template":"","meta":{"gt_page_layout":"","gt_hide_page_title":false,"gt_remove_bottom_margin":false,"footnotes":""},"class_list":["post-42","page","type-page","status-publish","hentry"],"_links":{"self":[{"href":"https:\/\/csi.inesctec.pt\/2022\/wp-json\/wp\/v2\/pages\/42","targetHints":{"allow":["GET"]}}],"collection":[{"href":"https:\/\/csi.inesctec.pt\/2022\/wp-json\/wp\/v2\/pages"}],"about":[{"href":"https:\/\/csi.inesctec.pt\/2022\/wp-json\/wp\/v2\/types\/page"}],"author":[{"embeddable":true,"href":"https:\/\/csi.inesctec.pt\/2022\/wp-json\/wp\/v2\/users\/7"}],"replies":[{"embeddable":true,"href":"https:\/\/csi.inesctec.pt\/2022\/wp-json\/wp\/v2\/comments?post=42"}],"version-history":[{"count":54,"href":"https:\/\/csi.inesctec.pt\/2022\/wp-json\/wp\/v2\/pages\/42\/revisions"}],"predecessor-version":[{"id":530,"href":"https:\/\/csi.inesctec.pt\/2022\/wp-json\/wp\/v2\/pages\/42\/revisions\/530"}],"wp:attachment":[{"href":"https:\/\/csi.inesctec.pt\/2022\/wp-json\/wp\/v2\/media?parent=42"}],"curies":[{"name":"wp","href":"https:\/\/api.w.org\/{rel}","templated":true}]}}