{"id":67,"date":"2021-04-09T12:07:09","date_gmt":"2021-04-09T12:07:09","guid":{"rendered":"https:\/\/csi.inesctec.pt\/?page_id=67"},"modified":"2022-05-06T13:52:10","modified_gmt":"2022-05-06T13:52:10","slug":"contactos","status":"publish","type":"page","link":"https:\/\/csi.inesctec.pt\/2022\/contactos\/","title":{"rendered":"Contactos"},"content":{"rendered":"\n<h2 class=\"wp-block-heading\">Instituto de Engenharia de Sistemas e Computadores, Tecnologia e Ci\u00eancia<\/h2>\n\n\n\n<div class=\"wp-block-columns is-layout-flex wp-container-core-columns-is-layout-9d6595d7 wp-block-columns-is-layout-flex\">\n<div class=\"wp-block-column is-layout-flow wp-block-column-is-layout-flow\" style=\"flex-basis:100%\">\n<figure class=\"wp-block-image size-large is-resized\"><img loading=\"lazy\" decoding=\"async\" src=\"http:\/\/csi.inesctec.pt\/wp-content\/uploads\/2021\/04\/bip_noticia_lab.associado-1024x512.png\" alt=\"\" class=\"wp-image-88\" width=\"753\" height=\"377\" srcset=\"https:\/\/csi.inesctec.pt\/2022\/wp-content\/uploads\/2021\/04\/bip_noticia_lab.associado-1024x512.png 1024w, https:\/\/csi.inesctec.pt\/2022\/wp-content\/uploads\/2021\/04\/bip_noticia_lab.associado-300x150.png 300w, https:\/\/csi.inesctec.pt\/2022\/wp-content\/uploads\/2021\/04\/bip_noticia_lab.associado-768x384.png 768w, https:\/\/csi.inesctec.pt\/2022\/wp-content\/uploads\/2021\/04\/bip_noticia_lab.associado-720x360.png 720w, https:\/\/csi.inesctec.pt\/2022\/wp-content\/uploads\/2021\/04\/bip_noticia_lab.associado.png 1140w\" sizes=\"auto, (max-width: 753px) 100vw, 753px\" \/><\/figure>\n\n\n\n<div class=\"wp-block-group\"><div class=\"wp-block-group__inner-container is-layout-flow wp-block-group-is-layout-flow\">\n<div class=\"wp-block-columns is-layout-flex wp-container-core-columns-is-layout-9d6595d7 wp-block-columns-is-layout-flex\">\n<div class=\"wp-block-column is-vertically-aligned-center is-layout-flow wp-block-column-is-layout-flow\" style=\"flex-basis:100%\">\n<div class=\"wp-block-group\"><div class=\"wp-block-group__inner-container is-layout-flow wp-block-group-is-layout-flow\">\n<div class=\"wp-block-columns is-layout-flex wp-container-core-columns-is-layout-9d6595d7 wp-block-columns-is-layout-flex\">\n<div class=\"wp-block-column is-layout-flow wp-block-column-is-layout-flow\">\n<div class=\"wp-block-group\"><div class=\"wp-block-group__inner-container is-layout-flow wp-block-group-is-layout-flow\">\n<blockquote class=\"wp-block-quote is-style-large has-medium-font-size is-layout-flow wp-block-quote-is-layout-flow\"><p><em>&#8220;O <a href=\"https:\/\/www.inesctec.pt\/pt\/instituicao\" target=\"_blank\" rel=\"noreferrer noopener\">INESC TEC<\/a> \u00e9 uma institui\u00e7\u00e3o privada sem fins lucrativos que se centra em atividades de investiga\u00e7\u00e3o cient\u00edfica e desenvolvimento tecnol\u00f3gico, transfer\u00eancia de tecnologia, consultoria avan\u00e7ada e forma\u00e7\u00e3o, e pr\u00e9-incuba\u00e7\u00e3o de novas empresas de base tecnol\u00f3gica.&#8221;<br><br>&#8220;Como institui\u00e7\u00e3o de interface, o INESC TEC junta a academia, as empresas, a administra\u00e7\u00e3o p\u00fablica e a sociedade, aplicando o conhecimento e os resultados gerados na investiga\u00e7\u00e3o em projetos de transfer\u00eancia de tecnologia, procurando criar valor e uma relev\u00e2ncia social imediata.&#8221;<\/em><\/p><\/blockquote>\n<\/div><\/div>\n<\/div>\n<\/div>\n<\/div><\/div>\n<\/div>\n<\/div>\n<\/div><\/div>\n<\/div>\n<\/div>\n\n\n\n<hr class=\"wp-block-separator has-text-color has-background has-primary-background-color has-primary-color is-style-wide\"\/>\n\n\n\n<p class=\"has-small-font-size\"><strong>INESC TEC<\/strong><br>Campus da Faculdade de Engenharia da Universidade do Porto<br>Rua Dr. Roberto Frias<br>4200-465 Porto<br>Portugal<\/p>\n\n\n\n<p class=\"has-small-font-size\"><strong>Email:<\/strong> <a href=\"mailto:estagios-verao-ctm@inesctec.pt\" target=\"_blank\" rel=\"noreferrer noopener\">estagios-verao-ctm@inesctec.pt<\/a><br><strong>Tel<\/strong>. +351 222 094 000<\/p>\n","protected":false},"excerpt":{"rendered":"<p>Instituto de Engenharia de Sistemas e Computadores, Tecnologia e Ci\u00eancia &#8220;O INESC TEC \u00e9 uma institui\u00e7\u00e3o privada sem fins lucrativos que se centra em atividades de investiga\u00e7\u00e3o cient\u00edfica e desenvolvimento tecnol\u00f3gico, transfer\u00eancia de tecnologia, consultoria avan\u00e7ada e forma\u00e7\u00e3o, e pr\u00e9-incuba\u00e7\u00e3o de novas empresas de base tecnol\u00f3gica.&#8221; &#8220;Como institui\u00e7\u00e3o de interface, o INESC TEC junta a [&hellip;]<\/p>\n","protected":false},"author":7,"featured_media":0,"parent":0,"menu_order":0,"comment_status":"closed","ping_status":"closed","template":"","meta":{"gt_page_layout":"","gt_hide_page_title":false,"gt_remove_bottom_margin":false,"footnotes":""},"class_list":["post-67","page","type-page","status-publish","hentry"],"_links":{"self":[{"href":"https:\/\/csi.inesctec.pt\/2022\/wp-json\/wp\/v2\/pages\/67","targetHints":{"allow":["GET"]}}],"collection":[{"href":"https:\/\/csi.inesctec.pt\/2022\/wp-json\/wp\/v2\/pages"}],"about":[{"href":"https:\/\/csi.inesctec.pt\/2022\/wp-json\/wp\/v2\/types\/page"}],"author":[{"embeddable":true,"href":"https:\/\/csi.inesctec.pt\/2022\/wp-json\/wp\/v2\/users\/7"}],"replies":[{"embeddable":true,"href":"https:\/\/csi.inesctec.pt\/2022\/wp-json\/wp\/v2\/comments?post=67"}],"version-history":[{"count":15,"href":"https:\/\/csi.inesctec.pt\/2022\/wp-json\/wp\/v2\/pages\/67\/revisions"}],"predecessor-version":[{"id":523,"href":"https:\/\/csi.inesctec.pt\/2022\/wp-json\/wp\/v2\/pages\/67\/revisions\/523"}],"wp:attachment":[{"href":"https:\/\/csi.inesctec.pt\/2022\/wp-json\/wp\/v2\/media?parent=67"}],"curies":[{"name":"wp","href":"https:\/\/api.w.org\/{rel}","templated":true}]}}