{"id":22,"date":"2021-04-09T10:01:44","date_gmt":"2021-04-09T10:01:44","guid":{"rendered":"https:\/\/csi.inesctec.pt\/?page_id=22"},"modified":"2023-12-11T13:26:37","modified_gmt":"2023-12-11T13:26:37","slug":"organizacao","status":"publish","type":"page","link":"https:\/\/csi.inesctec.pt\/pt\/organizacao\/","title":{"rendered":"Organiza\u00e7\u00e3o"},"content":{"rendered":"<div class=\"wp-block-media-text alignwide is-stacked-on-mobile is-image-fill has-light-gray-background-color has-background\" style=\"grid-template-columns:20% auto\"><figure class=\"wp-block-media-text__media\" style=\"background-image:url(https:\/\/csi.inesctec.pt\/wp-content\/uploads\/2022\/03\/hf.jpg);background-position:50% 30%\"><img loading=\"lazy\" decoding=\"async\" width=\"2504\" height=\"2504\" src=\"https:\/\/csi.inesctec.pt\/wp-content\/uploads\/2022\/03\/hf.jpg\" alt=\"\" class=\"wp-image-317 size-full\" srcset=\"https:\/\/csi.inesctec.pt\/wp-content\/uploads\/2022\/03\/hf.jpg 2504w, https:\/\/csi.inesctec.pt\/wp-content\/uploads\/2022\/03\/hf-300x300.jpg 300w, https:\/\/csi.inesctec.pt\/wp-content\/uploads\/2022\/03\/hf-1024x1024.jpg 1024w, https:\/\/csi.inesctec.pt\/wp-content\/uploads\/2022\/03\/hf-150x150.jpg 150w, https:\/\/csi.inesctec.pt\/wp-content\/uploads\/2022\/03\/hf-768x768.jpg 768w, https:\/\/csi.inesctec.pt\/wp-content\/uploads\/2022\/03\/hf-1536x1536.jpg 1536w, https:\/\/csi.inesctec.pt\/wp-content\/uploads\/2022\/03\/hf-2048x2048.jpg 2048w, https:\/\/csi.inesctec.pt\/wp-content\/uploads\/2022\/03\/hf-720x720.jpg 720w\" sizes=\"(max-width: 2504px) 100vw, 2504px\" \/><\/figure><div class=\"wp-block-media-text__content\">\n<p class=\"has-primary-color has-text-color\"><strong><a href=\"https:\/\/www.inesctec.pt\/pt\/pessoas\/ana-maria-rebelo\"><\/a><strong><a href=\"https:\/\/www.inesctec.pt\/pt\/pessoas\/helder-martins-fontes\" target=\"_blank\" rel=\"noreferrer noopener\">H\u00e9lder Martins Fontes<\/a><\/strong><\/strong><br><a href=\"mailto:helder.m.fontes@inesctec.pt\">helder.m.fontes@inesctec.pt<\/a><\/p>\n\n\n\n<p class=\"has-drop-cap has-small-font-size\">Helder Fontes obteve os graus de Mestrado em 2010 e Doutoramento em 2019, ambos em Engenharia Inform\u00e1tica na Faculdade de Engenharia da Universidade do Porto, Portugal. Ele \u00e9 o coordenador da \u00e1rea de Redes Sem Fios no INESC TEC, e desde 2009 participou em v\u00e1rios projetos de investiga\u00e7\u00e3o nacionais e Europeus, incluindo o SITMe, HiperWireless, FP7 SUNNY, H2020 ResponDrone, DECARBONIZE, FLY.PT e ainda projetos Open Call do FED4FIRE+ como o SIMBED, SIMBED+ e SMART. Ele supervisionou mais de 10 teses de Mestrado em simula\u00e7\u00e3o, emula\u00e7\u00e3o e experimenta\u00e7\u00e3o de redes sem fios. Os seus interesses de investiga\u00e7\u00e3o incluem a simula\u00e7\u00e3o, emula\u00e7\u00e3o e experimenta\u00e7\u00e3o de redes sem fios no contexto de cen\u00e1rios emergentes tais como o a\u00e9reo e o mar\u00edtimo, com especial foco na repetibilidade e reprodutibilidade de experi\u00eancias usando digital twins de testbeds sem fios.<\/p>\n<\/div><\/div>\n\n\n\n<div class=\"wp-block-media-text alignwide has-media-on-the-right is-stacked-on-mobile is-image-fill\" style=\"grid-template-columns:auto 20%\"><div class=\"wp-block-media-text__content\">\n<p class=\"has-text-align-right has-primary-color has-text-color\"><strong><a href=\"https:\/\/www.inesctec.pt\/pt\/pessoas\/luis-corte-real\" target=\"_blank\" rel=\"noreferrer noopener\">Lu\u00eds Corte-Real<\/a><\/strong><br><a href=\"mailto:luis.corte-real@inesctec.pt\">luis.corte-real@inesctec.pt<\/a><\/p>\n\n\n\n<p class=\"has-drop-cap has-text-align-left has-small-font-size\">Lu\u00eds C\u00f4rte-Real licenciou-se em Engenharia Electrot\u00e9cnica, op\u00e7\u00e3o de Telecomunica\u00e7\u00f5es, na Faculdade de Engenharia da Universidade do Porto (FEUP), em 1981, concluiu o Mestrado em Engenharia Electrot\u00e9cnica e de Computadores no Instituto Superior T\u00e9cnico (IST), em 1986, e doutorou-se em Engenharia Electrot\u00e9cnica e de Computadores na FEUP, em 1994. Atualmente \u00e9 docente do Departamento de Engenharia Electrot\u00e9cnica e de Computadores da FEUP desde 1985, onde actualmente exerce as fun\u00e7\u00f5es de Professor Associado. \u00c9 investigador no INESC TEC desde 1985 e a sua atividade de investiga\u00e7\u00e3o inclui os seguintes t\u00f3picos: Processamento de Imagem e V\u00eddeo, Compress\u00e3o de V\u00eddeo para muito Baixos D\u00e9bitos e Descri\u00e7\u00e3o de V\u00eddeo.<\/p>\n<\/div><figure class=\"wp-block-media-text__media\" style=\"background-image:url(http:\/\/csi.inesctec.pt\/wp-content\/uploads\/2022\/03\/LCR.jpg);background-position:51% 46%\"><img loading=\"lazy\" decoding=\"async\" width=\"545\" height=\"818\" src=\"http:\/\/csi.inesctec.pt\/wp-content\/uploads\/2022\/03\/LCR.jpg\" alt=\"\" class=\"wp-image-310 size-full\" srcset=\"https:\/\/csi.inesctec.pt\/wp-content\/uploads\/2022\/03\/LCR.jpg 545w, https:\/\/csi.inesctec.pt\/wp-content\/uploads\/2022\/03\/LCR-200x300.jpg 200w\" sizes=\"(max-width: 545px) 100vw, 545px\" \/><\/figure><\/div>\n\n\n\n<div class=\"wp-block-media-text alignwide is-stacked-on-mobile is-image-fill has-light-gray-background-color has-background\" style=\"grid-template-columns:20% auto\"><figure class=\"wp-block-media-text__media\" style=\"background-image:url(http:\/\/csi.inesctec.pt\/wp-content\/uploads\/2023\/01\/5802-1024x576.jpg);background-position:61% 48%\"><img loading=\"lazy\" decoding=\"async\" width=\"1024\" height=\"576\" src=\"http:\/\/csi.inesctec.pt\/wp-content\/uploads\/2023\/01\/5802-1024x576.jpg\" alt=\"\" class=\"wp-image-618 size-full\" srcset=\"https:\/\/csi.inesctec.pt\/wp-content\/uploads\/2023\/01\/5802-1024x576.jpg 1024w, https:\/\/csi.inesctec.pt\/wp-content\/uploads\/2023\/01\/5802-300x169.jpg 300w, https:\/\/csi.inesctec.pt\/wp-content\/uploads\/2023\/01\/5802-768x432.jpg 768w, https:\/\/csi.inesctec.pt\/wp-content\/uploads\/2023\/01\/5802-1536x864.jpg 1536w, https:\/\/csi.inesctec.pt\/wp-content\/uploads\/2023\/01\/5802-720x405.jpg 720w, https:\/\/csi.inesctec.pt\/wp-content\/uploads\/2023\/01\/5802.jpg 1920w\" sizes=\"(max-width: 1024px) 100vw, 1024px\" \/><\/figure><div class=\"wp-block-media-text__content\">\n<p class=\"has-primary-color has-text-color\"><a href=\"https:\/\/www.inesctec.pt\/pt\/pessoas\/nuno-miguel-paulino\" target=\"_blank\" rel=\"noreferrer noopener\"><strong>Nuno Paulino<\/strong><\/a><br><a href=\"mailto:nuno.m.paulino@inesctec.pt\">nuno.m.paulino@inesctec.pt<\/a><\/p>\n\n\n\n<p class=\"has-drop-cap has-small-font-size\">Nuno Paulino \u00e9 mestre em Engenharia Eletrot\u00e9cnica e de Computadores, desde 2011, pela Faculdade de Engenharia da Universidade do Porto, e Doutor em Engenharia Eletrot\u00e9cnica e de Computadores desde 2015, pela mesma institui\u00e7\u00e3o. \u00c9 Investigador Auxiliar no INESC TEC desde 2015, na \u00e1rea de Tecnologias \u00d3ticas e Eletr\u00f3nicas (OET), especificamente em computa\u00e7\u00e3o heterog\u00e9nea e reconfigur\u00e1vel, arquiteturas de computadores, e em linguagens e ferramentas para design hardware\/software. Desde 2017 \u00e9 tamb\u00e9m <a href=\"https:\/\/paginas.fe.up.pt\/~nmcp\">Professor Auxiliar Convidado<\/a> na Faculdade de Engenharia, pelo Departamento de Engenharia Inform\u00e1tica (DEI).<\/p>\n<\/div><\/div>\n\n\n\n<div class=\"wp-block-media-text alignwide has-media-on-the-right is-stacked-on-mobile is-image-fill\" style=\"grid-template-columns:auto 20%\"><div class=\"wp-block-media-text__content\">\n<p class=\"has-text-align-right\"><a rel=\"noreferrer noopener\" href=\"https:\/\/www.inesctec.pt\/pt\/pessoas\/ruben-miguel-queiros\" target=\"_blank\"><strong>R\u00faben Queir\u00f3s<\/strong><\/a><br><a href=\"mailto:ruben.m.queiros@inesctec.pt\">ruben.m.queiros@inesctec.pt<\/a><\/p>\n\n\n\n<p class=\"has-drop-cap has-small-font-size\">R\u00faben Queir\u00f3s concluiu em 2020 o Mestrado em Engenharia Electrot\u00e9cnica e de Computadores na Faculdade de Engenharia da Universidade do Porto, Portugal. Atualmente \u00e9 doutorando no Programa Doutoral em Engenharia Electrot\u00e9cnica e de Computadores, na mesma institui\u00e7\u00e3o. \u00c9 Investigador Auxiliar no INESC TEC desde 2020, na \u00e1rea das Redes Sem Fios (WiN). Ele participou no projeto SMART e no projeto europeu de investiga\u00e7\u00e3o InterConnect. Os seus interesses de investiga\u00e7\u00e3o incluem Wi-Fi, Reinforcement Learning e Flying Networks.<\/p>\n<\/div><figure class=\"wp-block-media-text__media\" style=\"background-image:url(https:\/\/csi.inesctec.pt\/wp-content\/uploads\/2023\/01\/rubenq-1.png);background-position:50% 50%\"><img loading=\"lazy\" decoding=\"async\" width=\"631\" height=\"595\" src=\"https:\/\/csi.inesctec.pt\/wp-content\/uploads\/2023\/01\/rubenq-1.png\" alt=\"\" class=\"wp-image-638 size-large\" srcset=\"https:\/\/csi.inesctec.pt\/wp-content\/uploads\/2023\/01\/rubenq-1.png 631w, https:\/\/csi.inesctec.pt\/wp-content\/uploads\/2023\/01\/rubenq-1-300x283.png 300w\" sizes=\"(max-width: 631px) 100vw, 631px\" \/><\/figure><\/div>\n\n\n\n<div class=\"wp-block-media-text alignwide is-stacked-on-mobile is-image-fill has-light-gray-background-color has-background\" style=\"grid-template-columns:20% auto\"><figure class=\"wp-block-media-text__media\" style=\"background-image:url(http:\/\/csi.inesctec.pt\/wp-content\/uploads\/2023\/01\/hso.jpg);background-position:73% 44%\"><img loading=\"lazy\" decoding=\"async\" width=\"160\" height=\"200\" src=\"http:\/\/csi.inesctec.pt\/wp-content\/uploads\/2023\/01\/hso.jpg\" alt=\"\" class=\"wp-image-633 size-full\"\/><\/figure><div class=\"wp-block-media-text__content\">\n<p><a href=\"https:\/\/www.inesctec.pt\/pt\/pessoas\/hugo-manuel-oliveira#intro\" target=\"_blank\" rel=\"noreferrer noopener\"><strong>Hugo Manuel Oliveira<\/strong><\/a><br><a href=\"mailto:hugo.m.oliveira@inesctec.pt\">hugo.m.oliveira@inesctec.pt<\/a><\/p>\n\n\n\n<p class=\"has-drop-cap has-small-font-size\">Hugo S. Oliveira concluiu o Mestrado em 2012 em Engenharia Electrot\u00e9cnica na Faculdade de Engenharia e o Mestrado em Inform\u00e1tica em 2018, ambos na Universidade do Porto. Atualmente \u00e9 doutorando em Ci\u00eancia da Computa\u00e7\u00e3o com foco na representa\u00e7\u00e3o de dados multimodais explorando interse\u00e7\u00f5es entre o Processamento de Linguagem Natural (NLP) e t\u00e9cnicas de vis\u00e3o computacional em dom\u00ednios m\u00e9dicos. Foi orientador de 2 teses de mestrado em Deep Learning e PNL. Os seus interesses de investiga\u00e7\u00e3o incluem Large Language Models (LLM), NLP, Machine Learning, Deep Learning, Time Series e Network Data Representation aplicados a problemas m\u00e9dicos, com foco especial no racioc\u00ednio e compreens\u00e3o de rela\u00e7\u00f5es complexas neste dom\u00ednio.<\/p>\n<\/div><\/div>\n\n\n\n<p><\/p>","protected":false},"excerpt":{"rendered":"<p>H\u00e9lder Martins Fonteshelder.m.fontes@inesctec.pt Helder Fontes received the MSc degree in 2010 and Ph.D. degree in 2019, both in Informatics Engineering at the Faculty of Engineering of the University of Porto, Portugal. He is the coordinator of the Wireless Networks (WiN) area at INESC TEC and since 2009 he has participated in multiple national and EU [&hellip;]<\/p>","protected":false},"author":4,"featured_media":0,"parent":0,"menu_order":0,"comment_status":"closed","ping_status":"closed","template":"","meta":{"footnotes":"","gt_page_layout":"","gt_hide_page_title":false,"gt_remove_bottom_margin":false},"_links":{"self":[{"href":"https:\/\/csi.inesctec.pt\/pt\/wp-json\/wp\/v2\/pages\/22"}],"collection":[{"href":"https:\/\/csi.inesctec.pt\/pt\/wp-json\/wp\/v2\/pages"}],"about":[{"href":"https:\/\/csi.inesctec.pt\/pt\/wp-json\/wp\/v2\/types\/page"}],"author":[{"embeddable":true,"href":"https:\/\/csi.inesctec.pt\/pt\/wp-json\/wp\/v2\/users\/4"}],"replies":[{"embeddable":true,"href":"https:\/\/csi.inesctec.pt\/pt\/wp-json\/wp\/v2\/comments?post=22"}],"version-history":[{"count":29,"href":"https:\/\/csi.inesctec.pt\/pt\/wp-json\/wp\/v2\/pages\/22\/revisions"}],"predecessor-version":[{"id":640,"href":"https:\/\/csi.inesctec.pt\/pt\/wp-json\/wp\/v2\/pages\/22\/revisions\/640"}],"wp:attachment":[{"href":"https:\/\/csi.inesctec.pt\/pt\/wp-json\/wp\/v2\/media?parent=22"}],"curies":[{"name":"wp","href":"https:\/\/api.w.org\/{rel}","templated":true}]}}