{"id":269,"date":"2022-03-21T14:26:31","date_gmt":"2022-03-21T14:26:31","guid":{"rendered":"https:\/\/csi.inesctec.pt\/?page_id=269"},"modified":"2023-12-11T13:26:52","modified_gmt":"2023-12-11T13:26:52","slug":"inicio","status":"publish","type":"page","link":"https:\/\/csi.inesctec.pt\/pt\/","title":{"rendered":"Bem Vindo!"},"content":{"rendered":"<p class=\"has-small-font-size\" style=\"font-style:normal;font-weight:300\">Tens interesse pela investiga\u00e7\u00e3o? Gostavas de aprender a criar algo realmente novo? O <a href=\"https:\/\/www.inesctec.pt\/pt\/centros\/ctm\">Centro de Telecomunica\u00e7\u00f5es e Multim\u00e9dia<\/a> (CTM) do <a href=\"https:\/\/www.inesctec.pt\/pt\">INESC TEC<\/a> oferece-te essa possibilidade. <\/p>\n\n\n\n<h2 class=\"wp-block-heading has-primary-color has-text-color\">O que s\u00e3o os Est\u00e1gios de Ver\u00e3o CTM?<\/h2>\n\n\n\n<p class=\"has-small-font-size\" style=\"font-style:normal;font-weight:300\">Os est\u00e1gios de ver\u00e3o do CTM s\u00e3o um evento anual, este ano na sua 6<sup>\u00aa<\/sup> edi\u00e7\u00e3o, que te permite participar em trabalho de investiga\u00e7\u00e3o e de desenvolvimento, com o acompanhamento de orientadores especialistas em uma das quatro \u00e1reas do centro: <\/p>\n\n\n\n<ul>\n<li><a rel=\"noreferrer noopener\" href=\"http:\/\/win.inesctec.pt\/\" target=\"_blank\">Redes Sem Fios<\/a> <kbd><mark style=\"background-color:rgba(0, 0, 0, 0)\" class=\"has-inline-color has-primary-color\">[WiN]<\/mark><\/kbd>,<\/li>\n\n\n\n<li><a rel=\"noreferrer noopener\" href=\"https:\/\/oet.inesctec.pt\/\" target=\"_blank\">Tecnologias \u00d3ticas e Eletr\u00f3nicas<\/a> <kbd><mark style=\"background-color:rgba(0, 0, 0, 0)\" class=\"has-inline-color has-primary-color\">[OET]<\/mark><\/kbd>, <\/li>\n\n\n\n<li><a rel=\"noreferrer noopener\" href=\"https:\/\/mct.inesctec.pt\/\" target=\"_blank\">Tecnologias de Comunica\u00e7\u00f5es Multim\u00e9dia<\/a> <kbd><mark style=\"background-color:rgba(0, 0, 0, 0)\" class=\"has-inline-color has-primary-color\">[MCT]<\/mark><\/kbd>, <\/li>\n\n\n\n<li><a rel=\"noreferrer noopener\" href=\"http:\/\/vcmi.inesctec.pt\/\" target=\"_blank\">Computa\u00e7\u00e3o Visual e Intelig\u00eancia Artificial<\/a> <kbd><mark style=\"background-color:rgba(0, 0, 0, 0)\" class=\"has-inline-color has-primary-color\">[VCMI]<\/mark><\/kbd>.<\/li>\n<\/ul>\n\n\n\n<p class=\"has-small-font-size\" style=\"font-style:normal;font-weight:300\">Os est\u00e1gios t\u00eam a dura\u00e7\u00e3o de <strong>um m\u00eas<\/strong>, sem remunera\u00e7\u00e3o, e decorrem durante o m\u00eas de <strong>julho, <\/strong>em modo <strong>presencial<\/strong>, <strong>remoto<\/strong>, ou <strong>h\u00edbrido.<\/strong> No final do est\u00e1gio, ter\u00e1s a oportunidade de apresentar os resultados do teu trabalho ao centro e ainda poder\u00e1s receber um dos <strong>pr\u00e9mios de melhor est\u00e1gio!<\/strong> Todos os participantes ir\u00e3o receber um <strong>certificado de conclus\u00e3o de est\u00e1gio<\/strong> para acrescentarem ao CV!<\/p>\n\n\n\n<p class=\"has-small-font-size\" style=\"font-style:normal;font-weight:300\">Consulta as <a href=\"https:\/\/csi.inesctec.pt\/pt\/edicoes-anteriores\/\" data-type=\"page\" data-id=\"574\"><strong>Edi\u00e7\u00f5es Anteriores<\/strong><\/a> para ver os t\u00f3picos que o CTM j\u00e1 orientou durante estes est\u00e1gios!<\/p>\n\n\n\n<p class=\"has-small-font-size\" style=\"font-style:normal;font-weight:300\">Para mais informa\u00e7\u00e3o contacta-nos via <a href=\"mailto:ctm-summer-internships@list-inesctec.pt\"><strong>ctm-summer-internships@lists.inesctec.pt<\/strong><\/a>!<\/p>\n\n\n\n<h2 class=\"wp-block-heading has-primary-color has-text-color\">Como participar?<\/h2>\n\n\n\n<p class=\"has-small-font-size\" style=\"font-style:normal;font-weight:300\">Para participar deves consultar os <a href=\"https:\/\/csi.inesctec.pt\/pt\/temas-de-estagio\/\" data-type=\"page\" data-id=\"42\"><strong>temas de est\u00e1gio<\/strong><\/a> dispon\u00edveis na edi\u00e7\u00e3o deste ano, e submeter a tua candidatura atrav\u00e9s <a href=\"https:\/\/forms.gle\/yCD8nEAzbPWKhzXXA\"><strong>deste formul\u00e1rio!<\/strong><\/a>. Ir\u00e1s receber os resultados da candidatura via e-mail. Podes candidatar-te a mais do que um t\u00f3pico de est\u00e1gio, e tentaremos escolher o melhor orientador e est\u00e1gio para ti!<br><br><s>Antes do inicio dos est\u00e1gios, ir\u00e1 tamb\u00e9m haver uma <strong>sess\u00e3o de Q&amp;A<\/strong> para esclarecer quaisquer d\u00favidas que possas ter sobre o processo ou os est\u00e1gios. Podes inscrever-te para esta sess\u00e3o <strong>aqui!<\/strong> A sess\u00e3o ter\u00e1 lugar no audit\u00f3rio B do INESC TEC.<\/s><\/p>\n\n\n\n<p class=\"has-small-font-size\" style=\"font-style:normal;font-weight:300\">The <strong>Q&amp;A Session<\/strong> has already taken place. You can watch the recorded event <a href=\"https:\/\/drive.inesctec.pt\/s\/qpM3XTkWqqDTx9p\"><strong>aqui<\/strong><\/a><strong>, <\/strong>where the important dates of the internships and the topics are briefly presented.<br><br>Consulta o <a href=\"https:\/\/csi.inesctec.pt\/pt\/calendar\/\"><strong>calend\u00e1rio<\/strong><\/a> para ficares a par das datas importantes. O calend\u00e1rio ser\u00e1 atualizado durante as pr\u00f3ximas semanas. <\/p>\n\n\n\n<h2 class=\"wp-block-heading has-primary-color has-text-color\">Pr\u00e9mios de Melhor Est\u00e1gio!<\/h2>\n\n\n\n<p class=\"has-small-font-size\" style=\"font-style:normal;font-weight:300\">No fim do evento, o CTM ir\u00e1 oferecer pr\u00e9mios para os melhores est\u00e1gios! Acompanha o evento at\u00e9 ao fim para descobrires os vencedores! <\/p>","protected":false},"excerpt":{"rendered":"<p>Are you interested in scientific research? Would you like too learn how design and create something new? The Centre for Telecommunications and Multimedia (CTM) at INESC TEC is giving you that chance. What are CTM&#8217;s Summer Internships? The Summer Internships at CTM are an anual event, now on it&#8217;s 7th edition, which allow you to [&hellip;]<\/p>","protected":false},"author":7,"featured_media":0,"parent":0,"menu_order":0,"comment_status":"closed","ping_status":"closed","template":"","meta":{"footnotes":"","gt_page_layout":"","gt_hide_page_title":false,"gt_remove_bottom_margin":false},"_links":{"self":[{"href":"https:\/\/csi.inesctec.pt\/pt\/wp-json\/wp\/v2\/pages\/269"}],"collection":[{"href":"https:\/\/csi.inesctec.pt\/pt\/wp-json\/wp\/v2\/pages"}],"about":[{"href":"https:\/\/csi.inesctec.pt\/pt\/wp-json\/wp\/v2\/types\/page"}],"author":[{"embeddable":true,"href":"https:\/\/csi.inesctec.pt\/pt\/wp-json\/wp\/v2\/users\/7"}],"replies":[{"embeddable":true,"href":"https:\/\/csi.inesctec.pt\/pt\/wp-json\/wp\/v2\/comments?post=269"}],"version-history":[{"count":63,"href":"https:\/\/csi.inesctec.pt\/pt\/wp-json\/wp\/v2\/pages\/269\/revisions"}],"predecessor-version":[{"id":721,"href":"https:\/\/csi.inesctec.pt\/pt\/wp-json\/wp\/v2\/pages\/269\/revisions\/721"}],"wp:attachment":[{"href":"https:\/\/csi.inesctec.pt\/pt\/wp-json\/wp\/v2\/media?parent=269"}],"curies":[{"name":"wp","href":"https:\/\/api.w.org\/{rel}","templated":true}]}}