{"id":279,"date":"2022-03-21T15:03:48","date_gmt":"2022-03-21T15:03:48","guid":{"rendered":"https:\/\/csi.inesctec.pt\/?page_id=279"},"modified":"2023-12-11T13:26:19","modified_gmt":"2023-12-11T13:26:19","slug":"calendar","status":"publish","type":"page","link":"https:\/\/csi.inesctec.pt\/pt\/calendar\/","title":{"rendered":"Calend\u00e1rio"},"content":{"rendered":"<h2 class=\"wp-block-heading has-primary-color has-text-color\" id=\"dates\">Datas importantes<\/h2>\n\n\n\n<p style=\"font-size:18px;font-style:normal;font-weight:300\">As datas ir\u00e3o ser atualizadas durante as pr\u00f3ximas semanas e durante o processo de candidatura. <br>Fique atento\/a!<br><br><s><strong>15 de<\/strong> <strong>Abril<\/strong> <strong>2023:<\/strong> Candidaturas abertas! Ver os t\u00f3picos <a href=\"https:\/\/csi.inesctec.pt\/pt\/temas-de-estagio\/\" data-type=\"page\" data-id=\"42\"><strong>aqui<\/strong><\/a>,e registem-se <a href=\"https:\/\/forms.gle\/yCD8nEAzbPWKhzXXA\"><strong>aqui<\/strong><\/a>.<\/s><br><s><strong>15th May 2023, 14:30pm:<\/strong> Sess\u00e3o Q&amp;A no Audit\u00f3rio B do INESC TEC; registos <strong>aqui<\/strong>.<\/s><br><strong>    <\/strong>\u2013 Grava\u00e7\u00e3o da sess\u00e3o pode ser encontrada <a href=\"https:\/\/drive.inesctec.pt\/s\/qpM3XTkWqqDTx9p\"><strong>aqui.<\/strong><\/a><br><s><strong>21, Maio, 2023:<\/strong> Encerramento das candidaturas<\/s><br><s><strong>2, Junho, 2023:<\/strong> Divulga\u00e7\u00e3o dos resultados de candidatura<br><strong>9, Junho, 2023:<\/strong> Confirma\u00e7\u00e3o de aceita\u00e7\u00e3o por parte dos candidatos.<br>    \u2013 Confirma enviando a seguinte <strong><a href=\"https:\/\/csi.inesctec.pt\/wp-content\/uploads\/2023\/06\/DeclarationOfAcceptance_EN_2023.docx\" data-type=\"attachment\" data-id=\"730\">Declara\u00e7\u00e3o de Aceita\u00e7\u00e3o<\/a><\/strong>.<\/s><br><strong>26, Junho, 2023:<\/strong> In\u00edcio dos est\u00e1gios <br>    \u2013 Sess\u00e3o de Boas Vindas (hora e localiza\u00e7\u00e3o TBA).<br><strong>27th, July, 2023:<\/strong> Fim dos est\u00e1gios, apresenta\u00e7\u00f5es finais e atribui\u00e7\u00e3o de pr\u00e9mios<br>    &#8211; <a href=\"https:\/\/csi.inesctec.pt\/pt\/program\/\">Programa das Apresenta\u00e7\u00f5es<\/a> (TBA)<\/p>","protected":false},"excerpt":{"rendered":"<p>Important Dates! Dates will be updated in the coming weeks and throughout the application process. Stay tuned! 15th April 2023: Applications open! View topics here, and register here.15th May 2023, 14:30pm: Q&amp;A Session, at INESC TEC&#8217;s Auditorium B; register here. &#8211; Session recording can be found here.21st, May, 2023: Application deadline2nd, June, 2023: Announcement of [&hellip;]<\/p>","protected":false},"author":4,"featured_media":0,"parent":0,"menu_order":0,"comment_status":"closed","ping_status":"closed","template":"","meta":{"footnotes":"","gt_page_layout":"","gt_hide_page_title":false,"gt_remove_bottom_margin":false},"_links":{"self":[{"href":"https:\/\/csi.inesctec.pt\/pt\/wp-json\/wp\/v2\/pages\/279"}],"collection":[{"href":"https:\/\/csi.inesctec.pt\/pt\/wp-json\/wp\/v2\/pages"}],"about":[{"href":"https:\/\/csi.inesctec.pt\/pt\/wp-json\/wp\/v2\/types\/page"}],"author":[{"embeddable":true,"href":"https:\/\/csi.inesctec.pt\/pt\/wp-json\/wp\/v2\/users\/4"}],"replies":[{"embeddable":true,"href":"https:\/\/csi.inesctec.pt\/pt\/wp-json\/wp\/v2\/comments?post=279"}],"version-history":[{"count":55,"href":"https:\/\/csi.inesctec.pt\/pt\/wp-json\/wp\/v2\/pages\/279\/revisions"}],"predecessor-version":[{"id":734,"href":"https:\/\/csi.inesctec.pt\/pt\/wp-json\/wp\/v2\/pages\/279\/revisions\/734"}],"wp:attachment":[{"href":"https:\/\/csi.inesctec.pt\/pt\/wp-json\/wp\/v2\/media?parent=279"}],"curies":[{"name":"wp","href":"https:\/\/api.w.org\/{rel}","templated":true}]}}