{"id":22,"date":"2021-04-09T10:01:44","date_gmt":"2021-04-09T10:01:44","guid":{"rendered":"https:\/\/csi.inesctec.pt\/?page_id=22"},"modified":"2024-01-27T16:00:28","modified_gmt":"2024-01-27T16:00:28","slug":"organizacao","status":"publish","type":"page","link":"https:\/\/csi.inesctec.pt\/pt\/organizacao\/","title":{"rendered":"Organiza\u00e7\u00e3o"},"content":{"rendered":"<div class=\"wp-block-media-text alignwide is-stacked-on-mobile is-image-fill has-light-gray-background-color has-background\" style=\"grid-template-columns:20% auto\"><figure class=\"wp-block-media-text__media\" style=\"background-image:url(https:\/\/csi.inesctec.pt\/wp-content\/uploads\/2023\/01\/5802-1024x576.jpg);background-position:61% 49%\"><img loading=\"lazy\" decoding=\"async\" width=\"1024\" height=\"576\" src=\"https:\/\/csi.inesctec.pt\/wp-content\/uploads\/2023\/01\/5802-1024x576.jpg\" alt=\"\" class=\"wp-image-618 size-full\" srcset=\"https:\/\/csi.inesctec.pt\/wp-content\/uploads\/2023\/01\/5802-1024x576.jpg 1024w, https:\/\/csi.inesctec.pt\/wp-content\/uploads\/2023\/01\/5802-300x169.jpg 300w, https:\/\/csi.inesctec.pt\/wp-content\/uploads\/2023\/01\/5802-768x432.jpg 768w, https:\/\/csi.inesctec.pt\/wp-content\/uploads\/2023\/01\/5802-1536x864.jpg 1536w, https:\/\/csi.inesctec.pt\/wp-content\/uploads\/2023\/01\/5802-720x405.jpg 720w, https:\/\/csi.inesctec.pt\/wp-content\/uploads\/2023\/01\/5802.jpg 1920w\" sizes=\"auto, (max-width: 1024px) 100vw, 1024px\" \/><\/figure><div class=\"wp-block-media-text__content\">\n<p class=\"has-primary-color has-text-color\"><a href=\"https:\/\/www.inesctec.pt\/pt\/pessoas\/nuno-miguel-paulino\" target=\"_blank\" rel=\"noreferrer noopener\"><strong>Nuno Paulino<\/strong><\/a><br><a href=\"mailto:nuno.m.paulino@inesctec.pt\">nuno.m.paulino@inesctec.pt<\/a><\/p>\n\n\n\n<p class=\"has-drop-cap has-small-font-size\">Nuno Paulino \u00e9 mestre em Engenharia Eletrot\u00e9cnica e de Computadores, desde 2011, pela Faculdade de Engenharia da Universidade do Porto, e Doutor em Engenharia Eletrot\u00e9cnica e de Computadores desde 2015, pela mesma institui\u00e7\u00e3o. \u00c9 Investigador Auxiliar no INESC TEC desde 2015, na \u00e1rea de Tecnologias \u00d3ticas e Eletr\u00f3nicas (OET), especificamente em computa\u00e7\u00e3o heterog\u00e9nea e reconfigur\u00e1vel, arquiteturas de computadores, e em linguagens e ferramentas para design hardware\/software. Desde 2017 \u00e9 tamb\u00e9m <a href=\"https:\/\/paginas.fe.up.pt\/~nmcp\">Professor Auxiliar Convidado<\/a> na Faculdade de Engenharia, pelo Departamento de Engenharia Inform\u00e1tica (DEI).<\/p>\n<\/div><\/div>\n\n\n\n<div class=\"wp-block-media-text alignwide has-media-on-the-right is-stacked-on-mobile is-image-fill\" style=\"grid-template-columns:auto 20%\"><div class=\"wp-block-media-text__content\">\n<p class=\"has-text-align-right has-primary-color has-text-color\"><strong><a href=\"https:\/\/www.inesctec.pt\/pt\/pessoas\/joana-santos-tavares\" target=\"_blank\" rel=\"noreferrer noopener\">Joana Tavares<\/a><\/strong><br><a href=\"mailto:joana.s.tavares@inesctec.pt\">joana.s.tavares@inesctec.pt<\/a><\/p>\n\n\n\n<p class=\"has-drop-cap has-text-align-left has-small-font-size\">Joana Tavares completed her Master&#8217;s degree in Electrical and Computer Engineering in 2012 and the Doctoral Program in Telecommunications (MAP-tele) in 2021, both at the Faculty of Engineering of the University of Porto (FEUP). She has been a researcher since 2014 in the Optical and Electronic Technologies (OET) group at the INESC TEC Center for Telecommunications and Multimedia (CTM). Her main research interests include the simulation of optical communication systems, nonlinearities compensation in optical fibers, and antenna arrays, namely the synthesis of radiation patterns and beamforming techniques. She is currently an invited assistant professor at FEUP in the disciplines of Electromagnetic Waves and Fundamentals of Telecommunications.<\/p>\n<\/div><figure class=\"wp-block-media-text__media\" style=\"background-image:url(https:\/\/csi.inesctec.pt\/wp-content\/uploads\/2024\/01\/JT-1024x1024.jpeg);background-position:51% 51%\"><img loading=\"lazy\" decoding=\"async\" width=\"1024\" height=\"1024\" src=\"https:\/\/csi.inesctec.pt\/wp-content\/uploads\/2024\/01\/JT-1024x1024.jpeg\" alt=\"\" class=\"wp-image-755 size-full\" srcset=\"https:\/\/csi.inesctec.pt\/wp-content\/uploads\/2024\/01\/JT-1024x1024.jpeg 1024w, https:\/\/csi.inesctec.pt\/wp-content\/uploads\/2024\/01\/JT-300x300.jpeg 300w, https:\/\/csi.inesctec.pt\/wp-content\/uploads\/2024\/01\/JT-150x150.jpeg 150w, https:\/\/csi.inesctec.pt\/wp-content\/uploads\/2024\/01\/JT-768x768.jpeg 768w, https:\/\/csi.inesctec.pt\/wp-content\/uploads\/2024\/01\/JT-1536x1536.jpeg 1536w, https:\/\/csi.inesctec.pt\/wp-content\/uploads\/2024\/01\/JT-2048x2048.jpeg 2048w, https:\/\/csi.inesctec.pt\/wp-content\/uploads\/2024\/01\/JT-12x12.jpeg 12w, https:\/\/csi.inesctec.pt\/wp-content\/uploads\/2024\/01\/JT-720x720.jpeg 720w\" sizes=\"auto, (max-width: 1024px) 100vw, 1024px\" \/><\/figure><\/div>\n\n\n\n<div class=\"wp-block-media-text alignwide is-stacked-on-mobile is-image-fill has-light-gray-background-color has-background\" style=\"grid-template-columns:20% auto\"><figure class=\"wp-block-media-text__media\" style=\"background-image:url(https:\/\/csi.inesctec.pt\/wp-content\/uploads\/2024\/01\/Nuno.jpg);background-position:88% 66%\"><img loading=\"lazy\" decoding=\"async\" width=\"450\" height=\"675\" src=\"https:\/\/csi.inesctec.pt\/wp-content\/uploads\/2024\/01\/Nuno.jpg\" alt=\"\" class=\"wp-image-757 size-full\" srcset=\"https:\/\/csi.inesctec.pt\/wp-content\/uploads\/2024\/01\/Nuno.jpg 450w, https:\/\/csi.inesctec.pt\/wp-content\/uploads\/2024\/01\/Nuno-200x300.jpg 200w, https:\/\/csi.inesctec.pt\/wp-content\/uploads\/2024\/01\/Nuno-8x12.jpg 8w\" sizes=\"auto, (max-width: 450px) 100vw, 450px\" \/><\/figure><div class=\"wp-block-media-text__content\">\n<p class=\"has-primary-color has-text-color\"><a href=\"https:\/\/www.inesctec.pt\/en\/people\/nuno-alexandre-pereira\" target=\"_blank\" rel=\"noreferrer noopener\"><strong>Nuno Pereira<\/strong><\/a><br><a href=\"mailto:nuno.a.pereira@inesctec.pt\">nuno.a.pereira@inesctec.pt<\/a><\/p>\n\n\n\n<p class=\"has-drop-cap has-small-font-size\">Nuno Pereira (PhD, U. Minho, 2010; orcid.org\/0000-0001-6370-9373) is a Professor at the School of Engineering of the Polytechnic of Porto (ISEP). He is currently working on the infrastructure needed to create Mixed Reality distributed applications that seamlessly span the Cloud and Edge. Between 2019-2022, he was a Visiting Scholar at Carnegie Mellon. Nuno had relevant contributions to 12 research projects (European and National), published more than 60 technical papers, and served in technical program committees of numerous scientific events.<\/p>\n<\/div><\/div>\n\n\n\n<div class=\"wp-block-media-text alignwide has-media-on-the-right is-stacked-on-mobile is-image-fill\" style=\"grid-template-columns:auto 20%\"><div class=\"wp-block-media-text__content\">\n<p class=\"has-text-align-right\"><a href=\"https:\/\/www.inesctec.pt\/en\/people\/joao-pedro-loureiro\" target=\"_blank\" rel=\"noreferrer noopener\"><strong>Jo\u00e3o Loureiro<\/strong><\/a><br><a href=\"mailto:joao.p.loureiro@inesctec.pt\">joao.p.loureiro@inesctec.pt<\/a><\/p>\n\n\n\n<p class=\"has-drop-cap has-small-font-size\">Jo\u00e3o Pedro Loureiro received an MSc degree in Electrical and Computer Engineering from the University of Porto (FEUP). He is currently pursuing a PhD in Electrical and Computer Engineering and working as a Research Assistant at the Centre for Telecommunications and Multimedia (CTM) at INESC TEC (Porto, Portugal). His research interests include underwater networks and maritime communications.<\/p>\n<\/div><figure class=\"wp-block-media-text__media\" style=\"background-image:url(https:\/\/csi.inesctec.pt\/wp-content\/uploads\/2024\/01\/JoaoLoureiro.jpg);background-position:50% 50%\"><img loading=\"lazy\" decoding=\"async\" width=\"459\" height=\"459\" src=\"https:\/\/csi.inesctec.pt\/wp-content\/uploads\/2024\/01\/JoaoLoureiro.jpg\" alt=\"\" class=\"wp-image-779 size-large\" srcset=\"https:\/\/csi.inesctec.pt\/wp-content\/uploads\/2024\/01\/JoaoLoureiro.jpg 459w, https:\/\/csi.inesctec.pt\/wp-content\/uploads\/2024\/01\/JoaoLoureiro-300x300.jpg 300w, https:\/\/csi.inesctec.pt\/wp-content\/uploads\/2024\/01\/JoaoLoureiro-150x150.jpg 150w, https:\/\/csi.inesctec.pt\/wp-content\/uploads\/2024\/01\/JoaoLoureiro-12x12.jpg 12w\" sizes=\"auto, (max-width: 459px) 100vw, 459px\" \/><\/figure><\/div>\n\n\n\n<div class=\"wp-block-media-text alignwide is-stacked-on-mobile is-image-fill has-light-gray-background-color has-background\" style=\"grid-template-columns:20% auto\"><figure class=\"wp-block-media-text__media\" style=\"background-image:url(https:\/\/csi.inesctec.pt\/wp-content\/uploads\/2024\/01\/Luis_Fernandes-1024x1024.jpg);background-position:50% 50%\"><img loading=\"lazy\" decoding=\"async\" width=\"1024\" height=\"1024\" src=\"https:\/\/csi.inesctec.pt\/wp-content\/uploads\/2024\/01\/Luis_Fernandes-1024x1024.jpg\" alt=\"\" class=\"wp-image-777 size-full\" srcset=\"https:\/\/csi.inesctec.pt\/wp-content\/uploads\/2024\/01\/Luis_Fernandes-1024x1024.jpg 1024w, https:\/\/csi.inesctec.pt\/wp-content\/uploads\/2024\/01\/Luis_Fernandes-300x300.jpg 300w, https:\/\/csi.inesctec.pt\/wp-content\/uploads\/2024\/01\/Luis_Fernandes-150x150.jpg 150w, https:\/\/csi.inesctec.pt\/wp-content\/uploads\/2024\/01\/Luis_Fernandes-768x768.jpg 768w, https:\/\/csi.inesctec.pt\/wp-content\/uploads\/2024\/01\/Luis_Fernandes-1536x1536.jpg 1536w, https:\/\/csi.inesctec.pt\/wp-content\/uploads\/2024\/01\/Luis_Fernandes-12x12.jpg 12w, https:\/\/csi.inesctec.pt\/wp-content\/uploads\/2024\/01\/Luis_Fernandes-720x720.jpg 720w, https:\/\/csi.inesctec.pt\/wp-content\/uploads\/2024\/01\/Luis_Fernandes.jpg 1600w\" sizes=\"auto, (max-width: 1024px) 100vw, 1024px\" \/><\/figure><div class=\"wp-block-media-text__content\">\n<p><a href=\"https:\/\/www.inesctec.pt\/en\/people\/luis-emanuel-pereira\" target=\"_blank\" rel=\"noreferrer noopener\"><strong>Luis Pereira<\/strong><\/a><br><a href=\"mailto:luis.e.pereira@inesctec.pt\">luis.e.pereira@inesctec.pt<\/a><\/p>\n\n\n\n<p class=\"has-drop-cap has-small-font-size\">Lu\u00eds Fernandes is a Biomedical Engineering master&#8217;s graduate from ISEP in 2021. Currently, he is a Ph.D. student at FEUP. His research primarily focuses on Deep Learning models for the segmentation and classification of lung cancer, showcasing a pragmatic approach to the integration of technology in healthcare. Lu\u00eds has also explored areas such as Explainable AI and Object Detection in his professional journey. His commitment to practical applications underscores a measured and purpose-driven approach to leveraging artificial intelligence in the field of medical imaging.<\/p>\n<\/div><\/div>\n\n\n\n<p><\/p>","protected":false},"excerpt":{"rendered":"<p>Nuno Paulinonuno.m.paulino@inesctec.pt Nuno Paulino holds a Master&#8217;s degree in Electrical and Computer Engineering, since 2011, from the Faculty of Engineering of the University of Porto, and a PhD in Electrical and Computer Engineering since 2015, from the same institution. He has been an Assistant Researcher at INESC TEC since 2015, in the area of \u200b\u200bOptical [&hellip;]<\/p>\n","protected":false},"author":4,"featured_media":0,"parent":0,"menu_order":0,"comment_status":"closed","ping_status":"closed","template":"","meta":{"_eb_attr":"","gt_page_layout":"","gt_hide_page_title":false,"gt_remove_bottom_margin":false,"footnotes":""},"class_list":["post-22","page","type-page","status-publish","hentry"],"_links":{"self":[{"href":"https:\/\/csi.inesctec.pt\/pt\/wp-json\/wp\/v2\/pages\/22","targetHints":{"allow":["GET"]}}],"collection":[{"href":"https:\/\/csi.inesctec.pt\/pt\/wp-json\/wp\/v2\/pages"}],"about":[{"href":"https:\/\/csi.inesctec.pt\/pt\/wp-json\/wp\/v2\/types\/page"}],"author":[{"embeddable":true,"href":"https:\/\/csi.inesctec.pt\/pt\/wp-json\/wp\/v2\/users\/4"}],"replies":[{"embeddable":true,"href":"https:\/\/csi.inesctec.pt\/pt\/wp-json\/wp\/v2\/comments?post=22"}],"version-history":[{"count":37,"href":"https:\/\/csi.inesctec.pt\/pt\/wp-json\/wp\/v2\/pages\/22\/revisions"}],"predecessor-version":[{"id":780,"href":"https:\/\/csi.inesctec.pt\/pt\/wp-json\/wp\/v2\/pages\/22\/revisions\/780"}],"wp:attachment":[{"href":"https:\/\/csi.inesctec.pt\/pt\/wp-json\/wp\/v2\/media?parent=22"}],"curies":[{"name":"wp","href":"https:\/\/api.w.org\/{rel}","templated":true}]}}