{"id":279,"date":"2022-03-21T15:03:48","date_gmt":"2022-03-21T15:03:48","guid":{"rendered":"https:\/\/csi.inesctec.pt\/?page_id=279"},"modified":"2024-06-20T13:38:16","modified_gmt":"2024-06-20T13:38:16","slug":"calendar","status":"publish","type":"page","link":"https:\/\/csi.inesctec.pt\/pt\/calendar\/","title":{"rendered":"Calend\u00e1rio"},"content":{"rendered":"<h2 class=\"wp-block-heading has-primary-color has-text-color\" id=\"dates\">Datas importantes<\/h2>\n\n\n\n<p class=\"has-medium-font-size\" style=\"font-style:normal;font-weight:200\">As datas ir\u00e3o ser atualizadas durante as pr\u00f3ximas semanas e durante o processo de candidatura.\nFica atento\/a!<br><br><s><strong>8 de Abril 2024<\/strong>: Candidaturas abertas!\u00a0<br><strong>2 de Maio 2024:<\/strong> Sess\u00e3o de Q&amp;A<\/s><br><s> \u2013 A sess\u00e3o de Q&amp;A <strong>ter\u00e1 lugar no INESC TEC, no <a href=\"https:\/\/maps.app.goo.gl\/wkzidCsrRKhcbtrg6\">Audit\u00f3rio A<\/a><\/strong> \u00e0s 11:30am<br> \u2013 Inscreve-te na sess\u00e3o de Q&amp;A neste <strong>aqui<\/strong><\/s><br><s><strong>15 de Maio 2024:<\/strong> Encerramento das candidaturas<br><strong>28 de Maio 2024:<\/strong> Divulga\u00e7\u00e3o dos resultados de candidatura<br><strong>11 de Junho 2024:<\/strong> Confirma\u00e7\u00e3o de aceita\u00e7\u00e3o por parte dos candidatos.<\/s><br><strong>25 de Junho 2024:<\/strong> In\u00edcio dos est\u00e1gios! <br><strong>26 de Julho 2024:<\/strong> Sess\u00e3o final -- fim dos est\u00e1gios, apresenta\u00e7\u00f5es finais e atribui\u00e7\u00e3o de pr\u00e9mios!<\/p>","protected":false},"excerpt":{"rendered":"<p>Important Dates! Dates will be updated in the coming weeks and throughout the application process. Stay tuned! 8th April 2024: Applications are open!\u00a02nd May 2024: Q&amp;A session &#8211; The Q&amp;A session will be held in INESC TEC&#8217;s Auditorium A at 11:30am &#8211; You can register for the Q&amp;A session here15th May 2024: Application deadline28th May [&hellip;]<\/p>\n","protected":false},"author":4,"featured_media":0,"parent":0,"menu_order":0,"comment_status":"closed","ping_status":"closed","template":"","meta":{"_eb_attr":"","gt_page_layout":"","gt_hide_page_title":false,"gt_remove_bottom_margin":false,"footnotes":""},"class_list":["post-279","page","type-page","status-publish","hentry"],"_links":{"self":[{"href":"https:\/\/csi.inesctec.pt\/pt\/wp-json\/wp\/v2\/pages\/279","targetHints":{"allow":["GET"]}}],"collection":[{"href":"https:\/\/csi.inesctec.pt\/pt\/wp-json\/wp\/v2\/pages"}],"about":[{"href":"https:\/\/csi.inesctec.pt\/pt\/wp-json\/wp\/v2\/types\/page"}],"author":[{"embeddable":true,"href":"https:\/\/csi.inesctec.pt\/pt\/wp-json\/wp\/v2\/users\/4"}],"replies":[{"embeddable":true,"href":"https:\/\/csi.inesctec.pt\/pt\/wp-json\/wp\/v2\/comments?post=279"}],"version-history":[{"count":79,"href":"https:\/\/csi.inesctec.pt\/pt\/wp-json\/wp\/v2\/pages\/279\/revisions"}],"predecessor-version":[{"id":976,"href":"https:\/\/csi.inesctec.pt\/pt\/wp-json\/wp\/v2\/pages\/279\/revisions\/976"}],"wp:attachment":[{"href":"https:\/\/csi.inesctec.pt\/pt\/wp-json\/wp\/v2\/media?parent=279"}],"curies":[{"name":"wp","href":"https:\/\/api.w.org\/{rel}","templated":true}]}}